{"id":1941,"date":"2026-03-17T16:10:57","date_gmt":"2026-03-17T14:10:57","guid":{"rendered":"https:\/\/nirogruppen.no\/?page_id=1941"},"modified":"2026-03-17T16:58:26","modified_gmt":"2026-03-17T14:58:26","slug":"sugebiltjenester","status":"publish","type":"page","link":"https:\/\/nirogruppen.no\/en\/sugebiltjenester\/","title":{"rendered":"Car-washing services"},"content":{"rendered":"<div class=\"grve-section grve-row-section grve-fullwidth-background grve-padding-top-3x grve-padding-bottom-3x grve-with-bg-transparent\" data-header-color=\"default\"><div class=\"grve-container\"><div class=\"grve-row grve-bookmark grve-columns-gap-default grve-mobile-vertical-gap-30\"><div class=\"grve-column wpb_column grve-bookmark grve-column-1  grve-vertical-position-middle grve-with-bg-transparent\"><div class=\"grve-column-wrapper\"><div class=\"grve-column-content\" ><h2 data-animation=\"fade-in\" data-delay=\"0\" data-duration=\"normal\" class=\"grve-element grve-title grve-align-inherit grve-animated-item grve-h6\" style=\"margin-bottom: 0px;\"><span><br>\n<h5>Suction car services<\/h5>\n<\/span><\/h2><h1 data-animation=\"fade-in\" data-delay=\"0\" data-duration=\"normal\" class=\"grve-element grve-title grve-align-inherit grve-animated-item grve-h2\"><span>Sludge suction, high-pressure flushing and tank cleaning<\/span><\/h1><div class=\"grve-empty-space grve-height-1x\"><\/div><div class=\"grve-inner-section grve-with-bg-transparent\"><div class=\"grve-row-inner grve-bookmark grve-columns-gap-default grve-mobile-vertical-gap-30\"><div class=\"grve-column-inner wpb_column grve-column-5-6  grve-with-bg-transparent\"><div class=\"grve-column-wrapper-inner\"><div class=\"grve-column-inner-content\" ><div class=\"grve-element grve-text grve-leader-text grve-animated-item\" data-animation=\"fade-in\" data-delay=\"0\" data-duration=\"normal\">\r\n\t\t\t<p>Nilsen Service &amp; Consulting is a fast-growing company that works with everything within sludge suction, high-pressure flushing and tank cleaning. We offer service and maintenance of vacuum trucks and pump systems.<\/p>\n<p>To ensure the reliability and longevity of your vacuum trucks and pumping systems, we offer professional service and maintenance. Our experienced technicians provide efficient troubleshooting, repairs and preventive maintenance to keep your equipment working optimally at all times.<\/p>\n\r\n\t\t<\/div>\r\n\t<div class=\"grve-empty-space grve-height-1x\"><\/div><div class=\"grve-element grve-align-inherit\"><a href=\"https:\/\/nilsen-sc.no\/\" target=\"_blank\" class=\"grve-btn-text grve-btn-only-text grve-text-primary-1 grve-text-hover-black grve-btn-extralarge\" rel=\"noopener\">\r\n\t\t<span>Read more<\/span>\r\n\t\t<span class=\"screen-reader-text\">Read more at nilsen-sc.no<\/span>\r\n\t\t\t\t\t\t\t<\/a><\/div><\/div><\/div><\/div><div class=\"grve-column-inner wpb_column grve-column-1-6  grve-with-bg-transparent grve-empty-column\"><div class=\"grve-column-wrapper-inner\"><div class=\"grve-column-inner-content\" ><\/div><\/div><\/div><\/div><\/div><div class=\"grve-empty-space grve-height-3x\"><\/div><div class=\"grve-inner-section grve-with-bg-transparent\"><div class=\"grve-row-inner grve-bookmark grve-columns-gap-default grve-mobile-vertical-gap-30\"><div class=\"grve-column-inner wpb_column grve-column-1-3  grve-with-bg-transparent\"><div class=\"grve-column-wrapper-inner\"><div class=\"grve-column-inner-content\" ><div data-animation=\"fade-in\" data-delay=\"0\" data-duration=\"normal\" class=\"grve-element grve-box-icon grve-medium grve-side-icon grve-animated-item grve-align-left grve-vertical-align-middle grve-layout-1\" style=\"margin-bottom: 30px;\"><div class=\"grve-box-title-wrapper\"><div class=\"grve-wrapper-icon\" style=\"\"><span class=\"grve-box-icon fa fa-solid fa-check grve-text-primary-1\"><\/span><\/div><h3 class=\"grve-box-title grve-h4\">Carpentry services<\/h3><\/div><div class=\"grve-box-content\"><p class=\"\">Efficient and reliable waste management<\/p><\/div><\/div><div data-animation=\"fade-in\" data-delay=\"200\" data-duration=\"normal\" class=\"grve-element grve-box-icon grve-medium grve-side-icon grve-animated-item grve-align-left grve-vertical-align-middle grve-layout-1\" style=\"margin-bottom: 30px;\"><div class=\"grve-box-title-wrapper\"><div class=\"grve-wrapper-icon\" style=\"\"><span class=\"grve-box-icon fa fa-solid fa-check grve-text-primary-1\"><\/span><\/div><h3 class=\"grve-box-title grve-h4\">Pipe flushing<\/h3><\/div><div class=\"grve-box-content\"><p class=\"\">Efficient and gentle pipe cleaning<\/p><\/div><\/div><div data-animation=\"fade-in\" data-delay=\"300\" data-duration=\"normal\" class=\"grve-element grve-box-icon grve-medium grve-side-icon grve-animated-item grve-align-left grve-vertical-align-middle grve-layout-1\" style=\"margin-bottom: 30px;\"><div class=\"grve-box-title-wrapper\"><div class=\"grve-wrapper-icon\" style=\"\"><span class=\"grve-box-icon fa fa-solid fa-check grve-text-primary-1\"><\/span><\/div><h3 class=\"grve-box-title grve-h4\">Oil and grease separation<\/h3><\/div><div class=\"grve-box-content\"><p class=\"\">Safe and efficient handling<\/p><\/div><\/div><\/div><\/div><\/div><div class=\"grve-column-inner wpb_column grve-column-1-3  grve-with-bg-transparent\"><div class=\"grve-column-wrapper-inner\"><div class=\"grve-column-inner-content\" ><div data-animation=\"fade-in\" data-delay=\"400\" data-duration=\"normal\" class=\"grve-element grve-box-icon grve-medium grve-side-icon grve-animated-item grve-align-left grve-vertical-align-middle grve-layout-1\" style=\"margin-bottom: 30px;\"><div class=\"grve-box-title-wrapper\"><div class=\"grve-wrapper-icon\" style=\"\"><span class=\"grve-box-icon fa fa-solid fa-check grve-text-primary-1\"><\/span><\/div><h3 class=\"grve-box-title grve-h4\">Dry suction<\/h3><\/div><div class=\"grve-box-content\"><p class=\"\">Effective removal of dust, sand and loose materials<\/p><\/div><\/div><div data-animation=\"fade-in\" data-delay=\"500\" data-duration=\"normal\" class=\"grve-element grve-box-icon grve-medium grve-side-icon grve-animated-item grve-align-left grve-vertical-align-middle grve-layout-1\" style=\"margin-bottom: 30px;\"><div class=\"grve-box-title-wrapper\"><div class=\"grve-wrapper-icon\" style=\"\"><span class=\"grve-box-icon fa fa-solid fa-check grve-text-primary-1\"><\/span><\/div><h3 class=\"grve-box-title grve-h4\">Collection of waste<\/h3><\/div><div class=\"grve-box-content\"><p class=\"\">Easy and environmentally friendly waste management<\/p><\/div><\/div><div data-animation=\"fade-in\" data-delay=\"600\" data-duration=\"normal\" class=\"grve-element grve-box-icon grve-medium grve-side-icon grve-animated-item grve-align-left grve-vertical-align-middle grve-layout-1\" style=\"margin-bottom: 30px;\"><div class=\"grve-box-title-wrapper\"><div class=\"grve-wrapper-icon\" style=\"\"><span class=\"grve-box-icon fa fa-solid fa-check grve-text-primary-1\"><\/span><\/div><h3 class=\"grve-box-title grve-h4\">Specialised waste<\/h3><\/div><div class=\"grve-box-content\"><p class=\"\">Safe and compliant waste management in Bergen and the surrounding area<\/p><\/div><\/div><\/div><\/div><\/div><div class=\"grve-column-inner wpb_column grve-column-1-3  grve-with-bg-transparent\"><div class=\"grve-column-wrapper-inner\"><div class=\"grve-column-inner-content\" ><div data-animation=\"fade-in\" data-delay=\"700\" data-duration=\"normal\" class=\"grve-element grve-box-icon grve-medium grve-side-icon grve-animated-item grve-align-left grve-vertical-align-middle grve-layout-1\" style=\"margin-bottom: 30px;\"><div class=\"grve-box-title-wrapper\"><div class=\"grve-wrapper-icon\" style=\"\"><span class=\"grve-box-icon fa fa-solid fa-check grve-text-primary-1\"><\/span><\/div><h3 class=\"grve-box-title grve-h4\">Documentation<\/h3><\/div><div class=\"grve-box-content\"><p class=\"\">Documentation for safe and legal waste management<\/p><\/div><\/div><div data-animation=\"fade-in\" data-delay=\"800\" data-duration=\"normal\" class=\"grve-element grve-box-icon grve-medium grve-side-icon grve-animated-item grve-align-left grve-vertical-align-middle grve-layout-1\" style=\"margin-bottom: 30px;\"><div class=\"grve-box-title-wrapper\"><div class=\"grve-wrapper-icon\" style=\"\"><span class=\"grve-box-icon fa fa-solid fa-check grve-text-primary-1\"><\/span><\/div><h3 class=\"grve-box-title grve-h4\">Reporting<\/h3><\/div><div class=\"grve-box-content\"><p class=\"\">Documentation for safe and legal waste management<\/p><\/div><\/div><\/div><\/div><\/div><\/div><\/div><\/div><\/div><\/div><\/div><\/div><\/div><div class=\"grve-section grve-row-section grve-fullwidth-background grve-padding-top-2x grve-padding-bottom-2x grve-headings-white grve-with-bg-color\" data-header-color=\"default\"  style=\"background-color:#0A3D51;color:#FFFFFF;\"><div class=\"grve-container\"><div class=\"grve-row grve-bookmark grve-columns-gap-default grve-mobile-vertical-gap-30\"><div class=\"grve-column wpb_column grve-bookmark grve-column-1-3  grve-with-bg-transparent\"><div class=\"grve-column-wrapper\"><div class=\"grve-column-content\" ><div data-animation=\"fade-in\" data-delay=\"200\" data-duration=\"normal\" class=\"grve-element grve-box-icon grve-medium grve-side-icon grve-animated-item grve-align-left grve-vertical-align-middle grve-layout-1\" style=\"margin-bottom: 30px;\"><a href=\"tel:+47%20411%2041%20577\"><div class=\"grve-box-title-wrapper\"><div class=\"grve-wrapper-icon\" style=\"\"><span class=\"grve-box-icon fa fa-solid fa-phone grve-text-white\"><\/span><\/div><h3 class=\"grve-box-title grve-h4\">+47 411 41 577<\/h3><\/div><div class=\"grve-box-content\"><p class=\"\">On-call telephone 24 \/ 7 \/ 365<\/p><\/div><\/a><\/div><\/div><\/div><\/div><div class=\"grve-column wpb_column grve-bookmark grve-column-1-3  grve-with-bg-transparent\"><div class=\"grve-column-wrapper\"><div class=\"grve-column-content\" ><div data-animation=\"fade-in\" data-delay=\"400\" data-duration=\"normal\" class=\"grve-element grve-box-icon grve-medium grve-side-icon grve-animated-item grve-align-left grve-vertical-align-middle grve-layout-1\" style=\"margin-bottom: 30px;\"><div class=\"grve-box-title-wrapper\"><div class=\"grve-wrapper-icon\" style=\"\"><span class=\"grve-box-icon fa fa-solid fa-sheet-plastic grve-text-white\"><\/span><\/div><h3 class=\"grve-box-title grve-h4\">25 years of experience<\/h3><\/div><div class=\"grve-box-content\"><p class=\"\">We have over 25 years of experience in sludge suction, pressure washing and tank cleaning<\/p><\/div><\/div><\/div><\/div><\/div><div class=\"grve-column wpb_column grve-bookmark grve-column-1-3  grve-with-bg-transparent\"><div class=\"grve-column-wrapper\"><div class=\"grve-column-content\" ><div data-animation=\"fade-in\" data-delay=\"600\" data-duration=\"normal\" class=\"grve-element grve-box-icon grve-medium grve-side-icon grve-animated-item grve-align-left grve-vertical-align-middle grve-layout-1\" style=\"margin-bottom: 30px;\"><div class=\"grve-box-title-wrapper\"><div class=\"grve-wrapper-icon\" style=\"\"><span class=\"grve-box-icon fa fa-brands fa-galactic-republic grve-text-white\"><\/span><\/div><h3 class=\"grve-box-title grve-h4\">Workshop<\/h3><\/div><div class=\"grve-box-content\"><p class=\"\">We carry out maintenance and sell parts for sludge extractors and pumping systems<\/p><\/div><\/div><\/div><\/div><\/div><\/div><\/div><\/div><div class=\"grve-section grve-row-section grve-fullwidth-background grve-percentage-height grve-padding-top-3x grve-padding-bottom-3x grve-with-bg-image grve-bg-fixed\" data-header-color=\"default\" data-height-ratio=\"70\"><div class=\"grve-container\"><div class=\"grve-row grve-bookmark grve-columns-gap-default grve-mobile-vertical-gap-30 grve-percentage-content\"><div class=\"grve-column wpb_column grve-bookmark grve-column-1  grve-with-bg-transparent grve-empty-column\"><div class=\"grve-column-wrapper\"><div class=\"grve-column-content\" ><\/div><\/div><\/div><\/div><\/div><div class=\"grve-background-wrapper\">  <div class=\"grve-bg-image grve-bg-image-id-1953 lazyload\"  data-bgset=\"https:\/\/nirogruppen.no\/cms\/wp-content\/uploads\/2026\/03\/SD-45589-Semi-Supersuger.jpg 1200w, https:\/\/nirogruppen.no\/cms\/wp-content\/uploads\/2026\/03\/SD-45589-Semi-Supersuger-300x169.jpg 300w, https:\/\/nirogruppen.no\/cms\/wp-content\/uploads\/2026\/03\/SD-45589-Semi-Supersuger-1024x577.jpg 1024w, https:\/\/nirogruppen.no\/cms\/wp-content\/uploads\/2026\/03\/SD-45589-Semi-Supersuger-768x433.jpg 768w, https:\/\/nirogruppen.no\/cms\/wp-content\/uploads\/2026\/03\/SD-45589-Semi-Supersuger-18x10.jpg 18w\" data-sizes=\"auto\"><\/div><\/div><\/div><div class=\"grve-section grve-row-section grve-fullwidth-background grve-padding-top-2x grve-padding-bottom-1x grve-headings-white grve-with-bg-color\" data-header-color=\"default\"  style=\"background-color:#0A3D51;color:#FFFFFF;margin-bottom: 0px;\"><div class=\"grve-container\"><div class=\"grve-row grve-bookmark grve-columns-gap-default grve-mobile-vertical-gap-30\"><div class=\"grve-column wpb_column grve-bookmark grve-column-1-3  grve-with-bg-transparent grve-empty-column\"><div class=\"grve-column-wrapper\"><div class=\"grve-column-content\" ><\/div><\/div><\/div><div class=\"grve-column wpb_column grve-bookmark grve-column-1-3  grve-with-bg-transparent\"><div class=\"grve-column-wrapper\"><div class=\"grve-column-content\" ><div data-animation=\"fade-in\" data-delay=\"400\" data-duration=\"normal\" class=\"grve-element grve-box-icon grve-medium grve-side-icon grve-animated-item grve-align-left grve-vertical-align-middle grve-layout-1\" style=\"margin-bottom: 30px;\"><a href=\"https:\/\/nilsen-sc.no\/\" target=\"_blank\" rel=\"noopener\"><div class=\"grve-box-title-wrapper\"><div class=\"grve-wrapper-icon\" style=\"\"><span class=\"grve-box-icon fa fa-solid fa-link grve-text-white\"><\/span><\/div><h3 class=\"grve-box-title grve-h4\">https:\/\/nilsen-sc.no\/<\/h3><\/div><\/a><\/div><\/div><\/div><\/div><div class=\"grve-column wpb_column grve-bookmark grve-column-1-3  grve-with-bg-transparent grve-empty-column\"><div class=\"grve-column-wrapper\"><div class=\"grve-column-content\" ><\/div><\/div><\/div><\/div><\/div><\/div>","protected":false},"excerpt":{"rendered":"Sugbiltjenester Slamsuging, h\u00f8ytrykkspyling og tankrens Nilsen Service &amp; Consulting er et hurtigvoksende firma som jobber med alt innen slamsuging, h\u00f8ytrykkspyling og tankrens. Vi tilbyr service og vedlikehold av slamsugerbiler og pumpesystemer. For \u00e5 sikre driftssikkerhet og lang levetid p\u00e5 slamsugerbiler og pumpesystemer, tilbyr vi profesjonell service og vedlikehold. V\u00e5re erfarne teknikere s\u00f8rger for effektiv feils\u00f8king, [...]","protected":false},"author":4,"featured_media":1944,"parent":0,"menu_order":0,"comment_status":"closed","ping_status":"closed","template":"","meta":{"inline_featured_image":false,"footnotes":""},"class_list":["post-1941","page","type-page","status-publish","has-post-thumbnail","hentry","grve-entry-item"],"_links":{"self":[{"href":"https:\/\/nirogruppen.no\/en\/wp-json\/wp\/v2\/pages\/1941","targetHints":{"allow":["GET"]}}],"collection":[{"href":"https:\/\/nirogruppen.no\/en\/wp-json\/wp\/v2\/pages"}],"about":[{"href":"https:\/\/nirogruppen.no\/en\/wp-json\/wp\/v2\/types\/page"}],"author":[{"embeddable":true,"href":"https:\/\/nirogruppen.no\/en\/wp-json\/wp\/v2\/users\/4"}],"replies":[{"embeddable":true,"href":"https:\/\/nirogruppen.no\/en\/wp-json\/wp\/v2\/comments?post=1941"}],"version-history":[{"count":14,"href":"https:\/\/nirogruppen.no\/en\/wp-json\/wp\/v2\/pages\/1941\/revisions"}],"predecessor-version":[{"id":1957,"href":"https:\/\/nirogruppen.no\/en\/wp-json\/wp\/v2\/pages\/1941\/revisions\/1957"}],"wp:featuredmedia":[{"embeddable":true,"href":"https:\/\/nirogruppen.no\/en\/wp-json\/wp\/v2\/media\/1944"}],"wp:attachment":[{"href":"https:\/\/nirogruppen.no\/en\/wp-json\/wp\/v2\/media?parent=1941"}],"curies":[{"name":"wp","href":"https:\/\/api.w.org\/{rel}","templated":true}]}}