{"id":1562,"date":"2025-03-03T13:12:18","date_gmt":"2025-03-03T12:12:18","guid":{"rendered":"https:\/\/nirogruppen.creato.no\/?page_id=1562"},"modified":"2025-04-11T13:26:40","modified_gmt":"2025-04-11T12:26:40","slug":"karriere","status":"publish","type":"page","link":"https:\/\/nirogruppen.no\/en\/karriere\/","title":{"rendered":"Careers"},"content":{"rendered":"<div class=\"grve-section grve-row-section grve-fullwidth-background grve-padding-top-4x grve-padding-bottom-5x grve-with-bg-transparent grve-equal-columns\" data-header-color=\"default\"><div class=\"grve-container\"><div class=\"grve-row grve-bookmark grve-columns-gap-default grve-mobile-vertical-gap-30\"><div class=\"grve-column wpb_column grve-bookmark grve-column-1  grve-vertical-position-middle grve-with-bg-transparent grve-custom-width-80\"><div class=\"grve-column-wrapper\"><div class=\"grve-column-content\" ><h3 data-animation=\"fade-in\" data-delay=\"0\" data-duration=\"normal\" class=\"grve-element grve-title grve-align-inherit grve-animated-item grve-h2\" style=\"margin-bottom: 30px;\"><span><br>\n<h2>\u00d8nsker du \u00e5 jobbe i Niro Group som en karrieremulighet?<\/h2>\n<\/span><\/h3><div class=\"grve-element grve-text grve-animated-item\" data-animation=\"fade-in\" data-delay=\"0\" data-duration=\"normal\">\r\n\t\t\t<blockquote><p>\nVi er alltid interessert i komme i kontakt med dyktige medarbeidere.\n<\/p><\/blockquote>\n<p>Dersom du synes v\u00e5r <span style=\"color: #333333;\"><a style=\"color: #333333;\" href=\"https:\/\/nirogruppen.no\/\">bedrift<\/a><\/span> og <span style=\"color: #333333;\"><a style=\"color: #333333;\" href=\"https:\/\/en.wikipedia.org\/wiki\/Business\" target=\"_blank\" rel=\"noopener\">bransje<\/a><\/span> er interessant og stillingene vi normalt ser etter er aktuelle for deg, kan du sende oss en \u00e5pen s\u00f8knad p\u00e5 epost, eller ved bruk av skjema.<\/p>\n<p>I s\u00f8knaden \u00f8nsker vi at du legger ved CV og forteller om deg selv og hvorfor du er interessert i \u00e5 jobbe hos oss.<\/p>\n\r\n\t\t<\/div>\r\n\t<div class=\"grve-empty-space grve-height-2x\"><\/div><div class=\"grve-element grve-button-group grve-align-inherit grve-space-30\" id=\"el-1740834430783-8950603b-d44f\">\r\n<div data-animation=\"fade-in-left\" data-delay=\"200\" data-duration=\"normal\" class=\"grve-element grve-align-inherit grve-animated-item\"><a href=\"#soknad\" title=\"\u00c5pen S\u00f8knad\" class=\"grve-btn grve-round grve-bg-primary-1 grve-border-primary-1 grve-bg-hover-white grve-border-hover-white grve-text-white grve-text-hover-dark-grey grve-btn-medium grve-with-icon\">\r\n\t\t<div class=\"grve-btn-inner\">\r\n\t\t<span>\u00c5pen s\u00f8knad<\/span>\r\n\t\t\t\t\t\t\t<div class=\"grve-btn-icon\">\r\n\t\t\t<span class=\"grve-icon fas fa-info\"><\/span>\r\n\t\t<\/div>\r\n\t\t\t\t\t<\/div>\r\n\t<\/a><\/div><div data-animation=\"fade-in-left\" data-delay=\"200\" data-duration=\"normal\" class=\"grve-element grve-align-inherit grve-animated-item\"><a href=\"#stillinger\" title=\"Ledige stillinger\" class=\"grve-btn grve-round grve-bg-black grve-border-black grve-bg-hover-primary-1 grve-border-hover-primary-1 grve-text-white grve-text-hover-white grve-btn-medium grve-with-icon\">\r\n\t\t<div class=\"grve-btn-inner\">\r\n\t\t<span>Ledige stillinger<\/span>\r\n\t\t\t\t\t\t\t<div class=\"grve-btn-icon\">\r\n\t\t\t<span class=\"grve-icon fas fa-info\"><\/span>\r\n\t\t<\/div>\r\n\t\t\t\t\t<\/div>\r\n\t<\/a><\/div><\/div>\r\n<\/div><\/div><\/div><\/div><\/div><\/div><div class=\"grve-section grve-row-section grve-fullwidth-background grve-padding-top-3x grve-padding-bottom-3x grve-headings-white grve-with-bg-color\" id=\"soknad\" data-header-color=\"light\"  style=\"background-color:#EEEEEE;color:#ffffff;\"><div class=\"grve-container\"><div class=\"grve-row grve-bookmark grve-columns-gap-none\"><div class=\"grve-column wpb_column grve-bookmark grve-column-1 grve-wpb-1741007670722 grve-headings-black grve-vertical-position-bottom grve-with-bg-transparent\"  style=\"color:#000000;\"><div class=\"grve-column-wrapper\"><div class=\"grve-column-content\" ><h1 class=\"grve-element grve-title grve-align-inherit grve-h2\" style=\"margin-bottom: 50px;\"><span>\u00c5pen s\u00f8knad<\/span><\/h1><div class=\"grve-element grve-text\">\r\n\t\t\t<link rel='stylesheet' id='formidable-css' href='https:\/\/nirogruppen.no\/cms\/wp-content\/plugins\/formidable\/css\/formidableforms.css' media='all' \/>\n<div class=\"frm_forms  with_frm_style frm_style_formidable-style\" id=\"frm_form_7_container\" data-token=\"050f3d79865ced49e921f1ad71d03f38\">\n<form enctype=\"multipart\/form-data\" method=\"post\" class=\"frm-show-form  frm_js_validate  frm_ajax_submit  frm_pro_form \" id=\"form_apen-soknad\" data-token=\"050f3d79865ced49e921f1ad71d03f38\">\n<div class=\"frm_form_fields \">\n<fieldset>\n<legend class=\"frm_screen_reader\">\u00c5pen s\u00f8knad<\/legend>\r\n\r\n<div class=\"frm_fields_container\">\n<input type=\"hidden\" name=\"frm_action\" value=\"create\" \/>\n<input type=\"hidden\" name=\"form_id\" value=\"7\" \/>\n<input type=\"hidden\" name=\"frm_hide_fields_7\" id=\"frm_hide_fields_7\" value=\"\" \/>\n<input type=\"hidden\" name=\"form_key\" value=\"apen-soknad\" \/>\n<input type=\"hidden\" name=\"item_meta[0]\" value=\"\" \/>\n<input type=\"hidden\" id=\"frm_submit_entry_7\" name=\"frm_submit_entry_7\" value=\"4c0e053ace\" \/><input type=\"hidden\" name=\"_wp_http_referer\" value=\"\/en\/wp-json\/wp\/v2\/pages\/1562\" \/><div id=\"frm_field_31_container\" class=\"frm_form_field form-field  frm_top_container frm6 frm_first\">\r\n\t<label for=\"field_ufcpz\" id=\"field_ufcpz_label\" class=\"frm_primary_label\">Navn\r\n\t\t<span class=\"frm_required\" aria-hidden=\"true\"><\/span>\r\n\t<\/label>\r\n\t<input  type=\"text\" id=\"field_ufcpz\" name=\"item_meta[31]\" value=\"\"  data-invmsg=\"Navn is invalid\" aria-invalid=\"false\"   \/>\r\n\t\r\n\t\r\n<\/div>\n<div id=\"frm_field_32_container\" class=\"frm_form_field form-field  frm_top_container frm6\">\r\n\t<label for=\"field_c0g34\" id=\"field_c0g34_label\" class=\"frm_primary_label\">Adresse\r\n\t\t<span class=\"frm_required\" aria-hidden=\"true\"><\/span>\r\n\t<\/label>\r\n\t<input  type=\"text\" id=\"field_c0g34\" name=\"item_meta[32]\" value=\"\"  data-invmsg=\"Adresse is invalid\" aria-invalid=\"false\"   \/>\r\n\t\r\n\t\r\n<\/div>\n<div id=\"frm_field_33_container\" class=\"frm_form_field form-field  frm_required_field frm_top_container frm6 frm_first\">\r\n\t<label for=\"field_lp8uy\" id=\"field_lp8uy_label\" class=\"frm_primary_label\">E-post\r\n\t\t<span class=\"frm_required\" aria-hidden=\"true\">*<\/span>\r\n\t<\/label>\r\n\t<input type=\"email\" id=\"field_lp8uy\" name=\"item_meta[33]\" value=\"\"  autocomplete=\"email\"  data-reqmsg=\"E-post cannot be blank.\" aria-required=\"true\" data-invmsg=\"E-post is invalid\" aria-invalid=\"false\"  \/>\r\n\t\r\n\t\r\n<\/div>\n<div id=\"frm_field_34_container\" class=\"frm_form_field form-field  frm_top_container frm6\">\r\n\t<label for=\"field_pqm1y\" id=\"field_pqm1y_label\" class=\"frm_primary_label\">Telefon\r\n\t\t<span class=\"frm_required\" aria-hidden=\"true\"><\/span>\r\n\t<\/label>\r\n\t<input  type=\"text\" id=\"field_pqm1y\" name=\"item_meta[34]\" value=\"\"  data-invmsg=\"Telefon is invalid\" aria-invalid=\"false\"   \/>\r\n\t\r\n\t\r\n<\/div>\n<div id=\"frm_field_35_container\" class=\"frm_form_field form-field  frm_top_container\">\r\n\t<label for=\"field_2cv61\" id=\"field_2cv61_label\" class=\"frm_primary_label\">S\u00f8knads tekst\r\n\t\t<span class=\"frm_required\" aria-hidden=\"true\"><\/span>\r\n\t<\/label>\r\n\t<textarea name=\"item_meta[35]\" id=\"field_2cv61\" rows=\"5\"  data-invmsg=\"S\u00f8knads tekst is invalid\" aria-invalid=\"false\"  ><\/textarea>\r\n\t\r\n\t\r\n<\/div>\n<div id=\"frm_field_36_container\" class=\"frm_form_field form-field  frm_top_container\">\r\n\t<label for=\"field_ne8px\" id=\"field_ne8px_label\" class=\"frm_primary_label\">Filopplasting\r\n\t\t<span class=\"frm_required\" aria-hidden=\"true\"><\/span>\r\n\t<\/label>\r\n\t<input type=\"hidden\"  data-invmsg=\"Filopplasting is invalid\" class=\"auto_width\" aria-invalid=\"false\"   name=\"item_meta[36]\"  value=\"\" data-frmfile=\"36\" \/>\n\n<div class=\"frm_dropzone frm_single_upload frm_clearfix\" id=\"file36_dropzone\" role=\"group\" >\n\t<div class=\"fallback\">\n\t\t<input type=\"file\" name=\"file36\" id=\"field_ne8px\"\n\t\t\t data-invmsg=\"Filopplasting is invalid\" class=\"auto_width\" aria-invalid=\"false\"  \t\t\t\/>\n\t\t\t\t<div class=\"frm_clearfix \"><\/div>\n\t<\/div>\n\t<div class=\"dz-message needsclick\">\n\t\t\t\t<svg  viewBox=\"0 0 18 18\" class=\"frmsvg frm-svg-icon\">\n\t<path viewBox=\"0 0 18 18\" fill-rule=\"evenodd\" clip-rule=\"evenodd\" d=\"M8.2 4v8a.8.8 0 001.5 0V4l2.1 2.2A.7.7 0 1013 5L9.5 1.7a.7.7 0 00-1.1 0L5.1 5.2a.8.8 0 001 1l2.1-2zm7.6 4.3c.4 0 .7.3.7.7v6.8c0 .4-.3.7-.8.7H2.3a.8.8 0 01-.8-.8V9A.8.8 0 013 9v6h12V9c0-.4.3-.8.8-.8z\"><\/path>\n<\/svg>\t\t<span class=\"frm_upload_text\"><button type=\"button\" aria-label=\"Filopplasting. Slipp en fil her eller klikk for \u00e5 laste opp. Maximum file size: 128MB\">Slipp en fil her eller klikk for \u00e5 laste opp<\/button><\/span>\n\t\t<span class=\"frm_compact_text\"><button type=\"button\" aria-label=\"Filopplasting. Velg fil. Maximum file size: 128MB\">Velg fil<\/button><\/span>\n\t\t<div class=\"frm_small_text\">\n\t\t\t<p>Maximum file size: 128MB<\/p>\n\t\t<\/div>\n\t<\/div>\n<\/div>\n\t\r\n\t\r\n\t\r\n<\/div>\n<div id=\"frm_field_30_container\" class=\"frm_form_field form-field  frm12 frm_first\">\r\n\t<div class=\"frm_submit frm_flex\">\r\n<button class=\"frm_button_submit frm_final_submit\" type=\"submit\"   formnovalidate=\"formnovalidate\">Send s\u00f8knad<\/button>\r\n\r\n\r\n\r\n<\/div>\r\n<\/div>\n\t<input type=\"hidden\" name=\"item_key\" value=\"\" \/>\n\t\t\t<div id=\"frm_field_37_container\">\n\t\t\t<label for=\"field_b7yxd\" >\n\t\t\t\tIf you are human, leave this field blank.\t\t\t<\/label>\n\t\t\t<input  id=\"field_b7yxd\" type=\"text\" class=\"frm_form_field form-field frm_verify\" name=\"item_meta[37]\" value=\"\"  \/>\n\t\t<\/div>\n\t\t<input name=\"frm_state\" type=\"hidden\" value=\"iZ\/3KVtewb1aAZsnN1XyTNwutSbSAopfTKL5D2yZnqEXM53vKzJogvpNSxdyeuj3\" \/><\/div>\n<\/fieldset>\n<\/div>\n<script type=\"text\/javascript\">var input = document.createElement('input');\n    input.setAttribute('type', 'hidden');\n    input.setAttribute('name', 'ct_checkjs_frm');\n    input.setAttribute('value', 'b0335e36291068857026c0dcf4420f536fb11758f37cb6ed55bd43f847a06a33');\n    for (i = 0; i < document.forms.length; i++) {\n        if (typeof document.forms[i].id == 'string'){\n\t\t\tif(document.forms[i].id.search('form_apen-soknad') != -1) {\n            document.forms[i].appendChild(input);\n\t\t\t}\n        }\n    }<\/script>\n\n<\/form>\n<\/div>\n\n\r\n\t\t<\/div>\r\n\t<\/div><\/div><\/div><\/div><\/div><\/div><div class=\"grve-section grve-row-section grve-fullwidth-background grve-headings-white grve-link-white grve-link-hover-black grve-with-bg-gradient\" id=\"stillinger\" data-header-color=\"light\"  style=\"background-color:#ED6C02;background: linear-gradient(90deg,#ED6C02 0%,#ED6C02D1 100%);color:#ffffff;\"><div class=\"grve-container\"><div class=\"grve-row grve-bookmark grve-columns-gap-none\"><div class=\"grve-column wpb_column grve-bookmark grve-column-2-3  grve-with-bg-transparent\"  style=\"color:#FFFFFF;\"><div class=\"grve-column-wrapper\"><div class=\"grve-column-content\" ><div class=\"grve-empty-space grve-height-3x\"><\/div><h1 class=\"grve-element grve-title grve-align-inherit grve-h2\" style=\"margin-bottom: 50px;\"><span>Ledige stillinger<\/span><\/h1><div class=\"grve-element grve-text\">\r\n\t\t\t<p><a href=\"https:\/\/www.finn.no\/job\/employer\/company\/7689\" target=\"_blank\" rel=\"noopener\">Se ledige stillinger her<\/a><\/p>\n\r\n\t\t<\/div>\r\n\t<div class=\"grve-empty-space grve-height-4x\"><\/div><\/div><\/div><\/div><div class=\"grve-column wpb_column grve-bookmark grve-column-1-3  grve-vertical-position-middle grve-with-bg-transparent grve-empty-column\"><div class=\"grve-column-wrapper\"><div class=\"grve-column-content\" ><\/div><\/div><\/div><\/div><\/div><\/div><div class=\"grve-section grve-row-section grve-fullwidth-background grve-percentage-height grve-padding-top-3x grve-padding-bottom-3x grve-with-bg-image\" data-header-color=\"default\" data-height-ratio=\"50\"><div class=\"grve-container\"><div class=\"grve-row grve-bookmark grve-columns-gap-default grve-mobile-vertical-gap-30 grve-percentage-content\"><div class=\"grve-column wpb_column grve-bookmark grve-column-1  grve-with-bg-transparent grve-empty-column\"><div class=\"grve-column-wrapper\"><div class=\"grve-column-content\" ><\/div><\/div><\/div><\/div><\/div><div class=\"grve-background-wrapper\">  <div class=\"grve-bg-image grve-bg-center-center grve-bg-image-id-1240 lazyload\"  data-bgset=\"https:\/\/nirogruppen.no\/cms\/wp-content\/uploads\/2025\/02\/GettyImages-943718396-scaled.jpg 2560w, https:\/\/nirogruppen.no\/cms\/wp-content\/uploads\/2025\/02\/GettyImages-943718396-300x200.jpg 300w, https:\/\/nirogruppen.no\/cms\/wp-content\/uploads\/2025\/02\/GettyImages-943718396-1024x683.jpg 1024w, https:\/\/nirogruppen.no\/cms\/wp-content\/uploads\/2025\/02\/GettyImages-943718396-768x512.jpg 768w, https:\/\/nirogruppen.no\/cms\/wp-content\/uploads\/2025\/02\/GettyImages-943718396-1536x1024.jpg 1536w\" data-sizes=\"auto\"><\/div><\/div><\/div>\n","protected":false},"excerpt":{"rendered":"\u00d8nsker du \u00e5 jobbe i Niro Group som en karrieremulighet? Vi er alltid interessert i komme i kontakt med dyktige medarbeidere. Dersom du synes v\u00e5r bedrift og bransje er interessant og stillingene vi normalt ser etter er aktuelle for deg, kan du sende oss en \u00e5pen s\u00f8knad p\u00e5 epost, eller ved bruk av skjema. I [...]","protected":false},"author":4,"featured_media":0,"parent":0,"menu_order":0,"comment_status":"closed","ping_status":"closed","template":"","meta":{"inline_featured_image":false,"footnotes":""},"class_list":["post-1562","page","type-page","status-publish","hentry","grve-entry-item"],"_links":{"self":[{"href":"https:\/\/nirogruppen.no\/en\/wp-json\/wp\/v2\/pages\/1562","targetHints":{"allow":["GET"]}}],"collection":[{"href":"https:\/\/nirogruppen.no\/en\/wp-json\/wp\/v2\/pages"}],"about":[{"href":"https:\/\/nirogruppen.no\/en\/wp-json\/wp\/v2\/types\/page"}],"author":[{"embeddable":true,"href":"https:\/\/nirogruppen.no\/en\/wp-json\/wp\/v2\/users\/4"}],"replies":[{"embeddable":true,"href":"https:\/\/nirogruppen.no\/en\/wp-json\/wp\/v2\/comments?post=1562"}],"version-history":[{"count":5,"href":"https:\/\/nirogruppen.no\/en\/wp-json\/wp\/v2\/pages\/1562\/revisions"}],"predecessor-version":[{"id":1850,"href":"https:\/\/nirogruppen.no\/en\/wp-json\/wp\/v2\/pages\/1562\/revisions\/1850"}],"wp:attachment":[{"href":"https:\/\/nirogruppen.no\/en\/wp-json\/wp\/v2\/media?parent=1562"}],"curies":[{"name":"wp","href":"https:\/\/api.w.org\/{rel}","templated":true}]}}