{"id":1416,"date":"2025-03-01T12:38:49","date_gmt":"2025-03-01T11:38:49","guid":{"rendered":"https:\/\/nirogruppen.creato.no\/?page_id=1416"},"modified":"2025-05-23T13:13:00","modified_gmt":"2025-05-23T11:13:00","slug":"kontakt","status":"publish","type":"page","link":"https:\/\/nirogruppen.no\/en\/kontakt\/","title":{"rendered":"Contact"},"content":{"rendered":"<div class=\"grve-section grve-row-section grve-fullwidth-background grve-padding-top-3x grve-padding-bottom-3x grve-with-bg-transparent grve-equal-columns\" data-header-color=\"default\"><div class=\"grve-container\"><div class=\"grve-row grve-bookmark grve-columns-gap-default grve-mobile-vertical-gap-30\"><div class=\"grve-column wpb_column grve-bookmark grve-column-1  grve-with-bg-transparent grve-empty-column\"><div class=\"grve-column-wrapper\"><div class=\"grve-column-content\" ><\/div><\/div><\/div><div class=\"grve-column wpb_column grve-bookmark grve-column-1-2  grve-with-bg-transparent\"><div class=\"grve-column-wrapper\"><div class=\"grve-column-content\" ><div class=\"grve-element grve-text grve-leader-text grve-animated-item\" data-animation=\"fade-in\" data-delay=\"0\" data-duration=\"normal\">\r\n\t\t\t<p>Vi har hovedkontor p\u00e5 Ask\u00f8y utenfor Bergen. Her finner du v\u00e5re kontaktpersoner for v\u00e5re fire avdelinger, konsern, eiendomsservice, industrivask og avfallsh\u00e5ndtering.<\/p>\n\r\n\t\t<\/div>\r\n\t<div class=\"grve-empty-space grve-height-2x\"><\/div><div class=\"grve-element grve-button-group grve-align-inherit grve-space-30\" id=\"el-1738067986671-0437ebac-7c1a\">\r\n<div data-animation=\"fade-in-left\" data-delay=\"200\" data-duration=\"normal\" class=\"grve-element grve-align-inherit grve-animated-item\"><a href=\"#kontaktpersoner\" class=\"grve-btn grve-round grve-bg-primary-1 grve-border-primary-1 grve-bg-hover-black grve-border-hover-black grve-pulse grve-text-white grve-text-hover-white grve-btn-medium grve-with-icon\">\r\n\t\t<div class=\"grve-btn-inner\">\r\n\t\t<span>Kontaktpersoner<\/span>\r\n\t\t\t\t\t\t\t<div class=\"grve-btn-icon\">\r\n\t\t\t<span class=\"grve-icon fas fa-user-friends\"><\/span>\r\n\t\t<\/div>\r\n\t\t\t\t\t<\/div>\r\n\t<\/a><\/div><div data-animation=\"fade-in-left\" data-delay=\"300\" data-duration=\"normal\" class=\"grve-element grve-align-inherit grve-animated-item\"><a href=\"#kontaktskjema\" class=\"grve-btn grve-round grve-bg-primary-1 grve-border-primary-1 grve-bg-hover-black grve-border-hover-black grve-pulse grve-text-white grve-text-hover-white grve-btn-medium grve-toggle-sidearea grve-with-icon\">\r\n\t\t<div class=\"grve-btn-inner\">\r\n\t\t<span>Kontaktskjema<\/span>\r\n\t\t\t\t\t\t\t<div class=\"grve-btn-icon\">\r\n\t\t\t<span class=\"grve-icon far fa-envelope\"><\/span>\r\n\t\t<\/div>\r\n\t\t\t\t\t<\/div>\r\n\t<\/a><\/div><\/div>\r\n<\/div><\/div><\/div><div class=\"grve-column wpb_column grve-bookmark grve-column-1-2  grve-with-bg-transparent\"><div class=\"grve-column-wrapper\"><div class=\"grve-column-content\" ><div data-animation=\"fade-in-left\" data-delay=\"0\" data-duration=\"normal\" class=\"grve-element grve-box-icon grve-medium grve-side-icon grve-animated-item grve-align-left grve-vertical-align-middle grve-layout-1\" style=\"margin-bottom: 40px;\"><a href=\"tel:+4755509900\"><div class=\"grve-box-title-wrapper\"><div class=\"grve-wrapper-icon\" style=\"\"><span class=\"grve-box-icon fas fa-mobile-alt grve-text-primary-1\"><\/span><\/div><h3 class=\"grve-box-title grve-h3\">+47 55 50 99 00<\/h3><\/div><\/a><\/div><div data-animation=\"fade-in-left\" data-delay=\"200\" data-duration=\"normal\" class=\"grve-element grve-box-icon grve-medium grve-side-icon grve-animated-item grve-align-left grve-vertical-align-middle grve-layout-1\" style=\"margin-bottom: 40px;\"><a href=\"mailto:post@nirogruppen.no\"><div class=\"grve-box-title-wrapper\"><div class=\"grve-wrapper-icon\" style=\"\"><span class=\"grve-box-icon far fa-envelope grve-text-primary-1\"><\/span><\/div><h3 class=\"grve-box-title grve-h3\">post@nirogruppen.no<\/h3><\/div><\/a><\/div><div data-animation=\"fade-in-left\" data-delay=\"300\" data-duration=\"normal\" class=\"grve-element grve-box-icon grve-medium grve-side-icon grve-animated-item grve-align-left grve-vertical-align-middle grve-layout-1\" style=\"margin-bottom: 40px;\"><a href=\"https:\/\/maps.app.goo.gl\/6QJqsdFReu9qgLiu9\" target=\"_blank\" rel=\"noopener\"><div class=\"grve-box-title-wrapper\"><div class=\"grve-wrapper-icon\" style=\"\"><span class=\"grve-box-icon fas fa-map-marker-alt grve-text-primary-1\"><\/span><\/div><h3 class=\"grve-box-title grve-h3\">Veibeskrivelse<\/h3><\/div><div class=\"grve-box-content\"><p class=\"\">Google map<\/p><\/div><\/a><\/div><\/div><\/div><\/div><\/div><\/div><\/div><div class=\"grve-section grve-row-section grve-fullwidth-background grve-padding-bottom-3x grve-with-bg-transparent\" data-header-color=\"default\"><div class=\"grve-container\"><div class=\"grve-row grve-bookmark grve-columns-gap-default grve-mobile-vertical-gap-30\"><div class=\"grve-column wpb_column grve-bookmark grve-column-1-2  grve-hover-animation grve-emphasized grve-with-bg-transparent\"><div class=\"grve-column-wrapper grve-hover-animation-wrapper\"><div class=\"grve-column-content\" ><div data-animation=\"fade-in\" data-delay=\"0\" data-duration=\"normal\" class=\"grve-element grve-box-icon grve-medium grve-top-icon grve-animated-item grve-align-left\" style=\"margin-bottom: 50px;\"><div class=\"grve-wrapper-icon\" style=\" color: #00000000;\"><div id=\"grve-svg-69eaba9f4d76b\" data-file=\"https:\/\/nirogruppen.no\/cms\/wp-content\/uploads\/2025\/01\/logo_nirogruppen_justert.svg\" class=\"grve-box-icon grve-custom-svg-icon grve-text-custom\"><\/div><\/div><div class=\"grve-box-content\"><p class=\"\">Org.nr: 833 162 942  Storebotn 65, 5309 Kleppest\u00f8 post@nirogruppen.no<\/p><\/div><\/div><\/div><\/div><\/div><div class=\"grve-column wpb_column grve-bookmark grve-column-1-2  grve-hover-animation grve-emphasized grve-with-bg-transparent\"><div class=\"grve-column-wrapper grve-hover-animation-wrapper\"><div class=\"grve-column-content\" ><div data-animation=\"fade-in\" data-delay=\"0\" data-duration=\"normal\" class=\"grve-element grve-box-icon grve-medium grve-top-icon grve-animated-item grve-align-left\" style=\"margin-bottom: 50px;\"><div class=\"grve-wrapper-icon\" style=\" color: #00000000;\"><div id=\"grve-svg-69eaba9f4da1e\" data-file=\"https:\/\/nirogruppen.no\/cms\/wp-content\/uploads\/2025\/01\/logo_niroeiendomsservice.svg\" class=\"grve-box-icon grve-custom-svg-icon grve-text-custom\"><\/div><\/div><div class=\"grve-box-content\"><p class=\"\">Org.nr: 922 874 654 Storebotn 65, 5309 Kleppest\u00f8 eiendom@nirogruppen.no<\/p><\/div><\/div><\/div><\/div><\/div><div class=\"grve-column wpb_column grve-bookmark grve-column-1-2  grve-hover-animation grve-emphasized grve-with-bg-transparent\"><div class=\"grve-column-wrapper grve-hover-animation-wrapper\"><div class=\"grve-column-content\" ><div data-animation=\"fade-in\" data-delay=\"0\" data-duration=\"normal\" class=\"grve-element grve-box-icon grve-medium grve-top-icon grve-animated-item grve-align-left\" style=\"margin-bottom: 50px;\"><div class=\"grve-wrapper-icon\" style=\" color: #00000000;\"><div id=\"grve-svg-69eaba9f4dc82\" data-file=\"https:\/\/nirogruppen.no\/cms\/wp-content\/uploads\/2025\/03\/Niro-Industri-1.svg\" class=\"grve-box-icon grve-custom-svg-icon grve-text-custom\"><\/div><\/div><div class=\"grve-box-content\"><p class=\"\">Org.nr: 913 279 700 Storebotn 65, 5309 Kleppest\u00f8 eiendom@nirogruppen.no<\/p><\/div><\/div><\/div><\/div><\/div><div class=\"grve-column wpb_column grve-bookmark grve-column-1-2  grve-hover-animation grve-emphasized grve-with-bg-transparent\"><div class=\"grve-column-wrapper grve-hover-animation-wrapper\"><div class=\"grve-column-content\" ><div data-animation=\"fade-in\" data-delay=\"0\" data-duration=\"normal\" class=\"grve-element grve-box-icon grve-medium grve-top-icon grve-animated-item grve-align-left\" style=\"margin-bottom: 50px;\"><div class=\"grve-wrapper-icon\" style=\" color: #00000000;\"><div id=\"grve-svg-69eaba9f4ded1\" data-file=\"https:\/\/nirogruppen.no\/cms\/wp-content\/uploads\/2025\/02\/NWAAS.svg\" class=\"grve-box-icon grve-custom-svg-icon grve-text-custom\"><\/div><\/div><div class=\"grve-box-content\"><p class=\"\">Org.nr: 927 089 637 Storebotn 65, 5309 Kleppest\u00f8<\/p><\/div><\/div><\/div><\/div><\/div><\/div><\/div><\/div><div class=\"grve-section grve-row-section grve-fullwidth-background grve-headings-white grve-with-bg-color\" data-header-color=\"light\"  style=\"background-color:#000000;color:#ffffff;\"><div class=\"grve-container\"><div class=\"grve-row grve-bookmark grve-columns-gap-none\"><div class=\"grve-column wpb_column grve-bookmark grve-column-1-2 grve-wpb-1744718199771 grve-tablet-sm-column-1 grve-vertical-position-bottom grve-with-bg-transparent\"><div class=\"grve-column-wrapper\"><div class=\"grve-column-content\" ><div class=\"grve-empty-space grve-height-2x\"><\/div><div class=\"grve-element grve-divider\" style=\"padding-bottom: 30px;\"><div class=\"grve-vertical-divider grve-align-inherit grve-height-3x grve-line-anim-top-bottom\" style=\"width: 1px;\"><span class=\"grve-bg-white\"><\/span><\/div><\/div><h1 class=\"grve-element grve-title grve-align-inherit grve-h2\"><span>Kontakt oss<\/span><\/h1><div class=\"grve-inner-section grve-with-bg-transparent\"><div class=\"grve-row-inner grve-bookmark grve-columns-gap-default grve-mobile-vertical-gap-30\"><div class=\"grve-column-inner wpb_column grve-column-2-3  grve-tablet-sm-column-1 grve-with-bg-transparent\"><div class=\"grve-column-wrapper-inner\"><div class=\"grve-column-inner-content\" ><div class=\"grve-element grve-text\">\r\n\t\t\t<p>Med hovedkontor p\u00e5 <span style=\"color: #ffffff;\"><a style=\"color: #ffffff;\" href=\"https:\/\/en.wikipedia.org\/wiki\/Ask%C3%B8y\" target=\"_blank\" rel=\"noopener\">Ask\u00f8y<\/a><\/span> utenfor Bergen leverer vi tjenester innen <span style=\"color: #ffffff;\"><a style=\"color: #ffffff;\" href=\"https:\/\/nirogruppen.no\/\">Industri<\/a><\/span> og Eiendom over hele landet. Selskapet best\u00e5r i dag av et tyvetalls faste medarbeidere, og omlag 15 deltidsansatte og tilkallingsvikarer. Flere av v\u00e5re ansatte er spesialister og fagfolk innen industrielt renhold og vedlikehold, og drift &amp; vedlikehold av alle typer eiendom.<\/p>\n\r\n\t\t<\/div>\r\n\t<\/div><\/div><\/div><div class=\"grve-column-inner wpb_column grve-column-1-3  grve-tablet-sm-column-hide grve-mobile-column-hide grve-with-bg-transparent grve-empty-column\"><div class=\"grve-column-wrapper-inner\"><div class=\"grve-column-inner-content\" ><\/div><\/div><\/div><\/div><\/div><div class=\"grve-empty-space grve-height-4x\"><\/div><div class=\"grve-inner-section grve-with-bg-transparent grve-desktop-row-hide grve-tablet-row-hide\"><div class=\"grve-row-inner grve-bookmark grve-columns-gap-default grve-mobile-vertical-gap-30\"><div class=\"grve-column-inner wpb_column grve-column-1  grve-with-bg-transparent\"><div class=\"grve-column-wrapper-inner\"><div class=\"grve-column-inner-content\" ><div class=\"grve-element grve-image grve-align-center grve-image-space-125 grve-image-expand-width\">\r\n\t<div class=\"grve-image-item\">\r\n\t\t\r\n\r\n<div class=\"grve-image-wrapper grve-no-effect\">\r\n\t\t<div class=\"grve-thumbnail-wrapper\"><div class=\"grve-thumbnail\"  style=\"padding-top: 66.667%;\"><img decoding=\"async\" width=\"768\" height=\"512\" src=\"https:\/\/nirogruppen.no\/cms\/wp-content\/uploads\/2025\/03\/kontak-oss-768x512.jpg\" class=\"attachment-medium_large size-medium_large\" alt=\"kontak oss\" data-column-space=\"125\" data-lazyload=\"\" data-grve-filter=\"yes\" srcset=\"https:\/\/nirogruppen.no\/cms\/wp-content\/uploads\/2025\/03\/kontak-oss-768x512.jpg 768w, https:\/\/nirogruppen.no\/cms\/wp-content\/uploads\/2025\/03\/kontak-oss-300x200.jpg 300w, https:\/\/nirogruppen.no\/cms\/wp-content\/uploads\/2025\/03\/kontak-oss-1024x683.jpg 1024w, https:\/\/nirogruppen.no\/cms\/wp-content\/uploads\/2025\/03\/kontak-oss-1536x1024.jpg 1536w\" sizes=\"auto, (max-width: 768px) 100vw, 768px\" loading=\"lazy\" \/><\/div><\/div>\t<\/div>\r\n\t<\/div>\r\n<\/div>\r\n<\/div><\/div><\/div><\/div><\/div><\/div><\/div><\/div><div class=\"grve-column wpb_column grve-bookmark grve-column-1-2  grve-column-fullheight grve-expand-bg grve-expand-bg-right grve-tablet-sm-column-hide grve-mobile-column-hide grve-vertical-position-bottom grve-with-bg-gradient\"><div class=\"grve-column-wrapper\"  style=\"background-color:#ED6C02;background: linear-gradient(135deg,#ED6C02 0%,#ED6C02D1 100%);\"><div class=\"grve-column-content\" ><div class=\"grve-empty-space grve-height-4x\"><\/div><div class=\"grve-element grve-image grve-align-right grve-image-space-125 grve-image-expand-width\">\r\n\t<div class=\"grve-image-item\">\r\n\t\t\r\n\r\n<div class=\"grve-image-wrapper grve-no-effect\">\r\n\t\t<div class=\"grve-thumbnail-wrapper\"><div class=\"grve-thumbnail\"  style=\"padding-top: 66.667%;\"><img decoding=\"async\" width=\"768\" height=\"512\" src=\"https:\/\/nirogruppen.no\/cms\/wp-content\/uploads\/2025\/03\/kontak-oss-768x512.jpg\" class=\"attachment-medium_large size-medium_large\" alt=\"kontak oss\" data-column-space=\"125\" data-lazyload=\"\" data-grve-filter=\"yes\" srcset=\"https:\/\/nirogruppen.no\/cms\/wp-content\/uploads\/2025\/03\/kontak-oss-768x512.jpg 768w, https:\/\/nirogruppen.no\/cms\/wp-content\/uploads\/2025\/03\/kontak-oss-300x200.jpg 300w, https:\/\/nirogruppen.no\/cms\/wp-content\/uploads\/2025\/03\/kontak-oss-1024x683.jpg 1024w, https:\/\/nirogruppen.no\/cms\/wp-content\/uploads\/2025\/03\/kontak-oss-1536x1024.jpg 1536w\" sizes=\"auto, (max-width: 768px) 100vw, 768px\" loading=\"lazy\" \/><\/div><\/div>\t<\/div>\r\n\t<\/div>\r\n<\/div>\r\n<div class=\"grve-empty-space grve-height-4x\"><\/div><\/div><\/div><\/div><\/div><\/div><\/div><div class=\"grve-section grve-row-section grve-fullwidth-background grve-padding-top-3x grve-padding-bottom-4x grve-with-bg-transparent\" id=\"kontaktpersoner\" data-header-color=\"default\"><div class=\"grve-container\"><div class=\"grve-row grve-bookmark grve-columns-gap-default grve-mobile-vertical-gap-30\"><div class=\"grve-column wpb_column grve-bookmark grve-column-1  grve-tablet-column-7-12 grve-tablet-sm-column-2-3 grve-with-bg-transparent\"><div class=\"grve-column-wrapper\"><div class=\"grve-column-content\" ><h3 class=\"grve-element grve-title grve-align-center grve-h2\"><span>Kontaktpersoner<\/span><\/h3><div class=\"grve-inner-section grve-with-bg-transparent grve-mobile-row-hide\"><div class=\"grve-row-inner grve-bookmark grve-columns-gap-default grve-mobile-vertical-gap-30\"><div class=\"grve-column-inner wpb_column grve-column-1  grve-with-bg-transparent\"><div class=\"grve-column-wrapper-inner\"><div class=\"grve-column-inner-content\" ><div class=\"grve-empty-space grve-height-2x\"><\/div><\/div><\/div><\/div><\/div><\/div><div class=\"grve-element grve-text\">\r\n\t\t\t\n<style type=\"text\/css\">\n  \n  \n  .grid-style.style-4 figcaption a:hover {\n    color:#ed6c02;\n  }\n  \n  [class*=\" awsm-icon-\"],[class^=awsm-icon-] { \n    color:#ed6c02;\n  }\n  \n  .awsm-grid-wrapper .awsm-grid h3 {\n    margin: 0 0 3px;\n    font-size: 1.6em;\n    line-height: 1.5;\n    color: #fff;\n}\n  \n  .grid-style.style-4 figcaption p {\n    font-size: 16px;\n}\n  \n.grid-style.style-4 figcaption {\n    bottom:0 ;\n    left: 0;\n    right: 0;\n    position: absolute;\n    padding: 20px 20px 0px 20px; \n    background: -webkit-linear-gradient(top,rgba(0,0,0,0) 0,rgba(0,0,0,.8) 100%);\n    background: -webkit-gradient(linear,left top,left bottom,from(rgba(0,0,0,0)),to(rgba(0,0,0,.8)));\n    \/* background: -moz- oldlinear-gradient(top,rgba(0,0,0,0) 0,rgba(0,0,0,.8) 100%);\n    background: linear-gradient(to bottom,rgba(0,0,0,) 0,rgba(0,0,1) 100%);\n  *\/\n  \n  background: rgb(2,0,36);\nbackground: linear-gradient(0deg, rgba(2,0,36,1) 0%, rgba(0,0,0,1) 30%, rgba(255,255,255,0) 100%);\n  \n  filter: progid:DXImageTransform.Microsoft.gradient(startColorstr='#00000000', endColorstr='#99000000', GradientType=0)\n      \n      \n}\n  \n<\/style>\n\n\n<div id=\"awsm-team-1122\" class=\"awsm-grid-wrapper\">\n\t\t<div class=\"awsm-team-filter-wrap\"><span class=\"awsm-filter-btn awsm-active-filter\" data-rel=\"awsm-all\" data-info=\"#all\">All<\/span><span class=\"awsm-filter-btn\" data-rel=\"awsm-9\">Konsern<\/span><span class=\"awsm-filter-btn\" data-rel=\"awsm-11\">Industri<\/span><span class=\"awsm-filter-btn\" data-rel=\"awsm-10\">Eiendomsservice<\/span><span class=\"awsm-filter-btn\" data-rel=\"awsm-12\">Avfallsh\u00e5ndtering<\/span><\/div>\n\t\t\t<div class=\"awsm-grid grid-style style-4 grid-3-col \">\n           \n\t\t            \n\t\t\t\t<div id=\"awsm-member-1122-1121\" class=\"awsm-grid-card awsm-team-item awsm-scale-anm awsm-all awsm-9\"                     >\n                   \t\t\t\t   <figure>\n                       \n\t\t\t\t\t <img loading=\"lazy\" decoding=\"async\" width=\"600\" height=\"700\" src=\"https:\/\/nirogruppen.no\/cms\/wp-content\/uploads\/2025\/04\/espen_nirogruppen.jpg\" class=\"attachment-awsm_team size-awsm_team wp-post-image\" alt=\"\" \/>\t\t\t\t\t\t <figcaption>\n\t\t\t\t\t\t\t<div class=\"awsm-personal-info\"><h3>Espen Fjell<\/h3><span>Konsernsjef<\/span><\/div>\n\t\t\t\t\t\t\t<div class=\"awsm-contact-info\">\n              \n                \n                <div class=\"awsm-contact-details\"><p><span><\/span> <i class=\"awsm-icon-mail\" aria-hidden=\"true\"> <\/i>  <a href=\"mailto:espen@nirogruppen.no\">espen@nirogruppen.no<\/a><\/p><p><span><\/span> <i class=\"awsm-icon-phone\" aria-hidden=\"true\"> <\/i> <a href=\"tel:95296233\">95296233<\/a><\/p><\/div>                \n                     \n\t\t\t\t\t\t\t\t\t\t\t\t\t\t\n                                \n                                \n                             <\/div>\n                             \t\t\t\t\t <\/figcaption>\n\t\t\t\t   <\/figure>\n                   \n\t\t\t\t<\/div>\n\t\t\t            \n\t\t\t\t<div id=\"awsm-member-1122-1131\" class=\"awsm-grid-card awsm-team-item awsm-scale-anm awsm-all awsm-10\"                     >\n                   \t\t\t\t   <figure>\n                       \n\t\t\t\t\t <img loading=\"lazy\" decoding=\"async\" width=\"600\" height=\"700\" src=\"https:\/\/nirogruppen.no\/cms\/wp-content\/uploads\/2025\/04\/andreas_nirogruppen-1.jpg\" class=\"attachment-awsm_team size-awsm_team wp-post-image\" alt=\"\" \/>\t\t\t\t\t\t <figcaption>\n\t\t\t\t\t\t\t<div class=\"awsm-personal-info\"><h3>Andreas Solbakken<\/h3><span>Daglig leder - Niro Gruppen Eiendomsservice<\/span><\/div>\n\t\t\t\t\t\t\t<div class=\"awsm-contact-info\">\n              \n                \n                <div class=\"awsm-contact-details\"><p><span><\/span> <i class=\"awsm-icon-mail\" aria-hidden=\"true\"> <\/i>  <a href=\"mailto:andreas@nirogruppen.no\">andreas@nirogruppen.no<\/a><\/p><p><span><\/span> <i class=\"awsm-icon-phone\" aria-hidden=\"true\"> <\/i> <a href=\"tel:970 32 414\">970 32 414<\/a><\/p><\/div>                \n                     \n\t\t\t\t\t\t\t\t\t\t\t\t\t\t\n                                \n                                \n                             <\/div>\n                             \t\t\t\t\t <\/figcaption>\n\t\t\t\t   <\/figure>\n                   \n\t\t\t\t<\/div>\n\t\t\t            \n\t\t\t\t<div id=\"awsm-member-1122-1133\" class=\"awsm-grid-card awsm-team-item awsm-scale-anm awsm-all awsm-11\"                     >\n                   \t\t\t\t   <figure>\n                       \n\t\t\t\t\t <img loading=\"lazy\" decoding=\"async\" width=\"600\" height=\"700\" src=\"https:\/\/nirogruppen.no\/cms\/wp-content\/uploads\/2025\/04\/therese_nirogruppen.jpg\" class=\"attachment-awsm_team size-awsm_team wp-post-image\" alt=\"\" \/>\t\t\t\t\t\t <figcaption>\n\t\t\t\t\t\t\t<div class=\"awsm-personal-info\"><h3>Therese Gustafson<\/h3><span>Daglig leder - Niro Gruppen Industri<\/span><\/div>\n\t\t\t\t\t\t\t<div class=\"awsm-contact-info\">\n              \n                \n                <div class=\"awsm-contact-details\"><p><span><\/span> <i class=\"awsm-icon-mail\" aria-hidden=\"true\"> <\/i>  <a href=\"mailto:therese@nirogruppen.no\">therese@nirogruppen.no<\/a><\/p><p><span><\/span> <i class=\"awsm-icon-phone\" aria-hidden=\"true\"> <\/i> <a href=\"tel:400 17 713\">400 17 713<\/a><\/p><\/div>                \n                     \n\t\t\t\t\t\t\t\t\t\t\t\t\t\t\n                                \n                                \n                             <\/div>\n                             \t\t\t\t\t <\/figcaption>\n\t\t\t\t   <\/figure>\n                   \n\t\t\t\t<\/div>\n\t\t\t            \n\t\t\t\t<div id=\"awsm-member-1122-1586\" class=\"awsm-grid-card awsm-team-item awsm-scale-anm awsm-all awsm-11\"                     >\n                   \t\t\t\t   <figure>\n                       \n\t\t\t\t\t <img loading=\"lazy\" decoding=\"async\" width=\"600\" height=\"700\" src=\"https:\/\/nirogruppen.no\/cms\/wp-content\/uploads\/2025\/04\/Tony_nirogruppen.jpg\" class=\"attachment-awsm_team size-awsm_team wp-post-image\" alt=\"\" \/>\t\t\t\t\t\t <figcaption>\n\t\t\t\t\t\t\t<div class=\"awsm-personal-info\"><h3>Toni Leikvoll<\/h3><span>Prosjektleder - Industri\/akvakultur<\/span><\/div>\n\t\t\t\t\t\t\t<div class=\"awsm-contact-info\">\n              \n                \n                <div class=\"awsm-contact-details\"><p><span><\/span> <i class=\"awsm-icon-mail\" aria-hidden=\"true\"> <\/i>  <a href=\"mailto:toni@nirogruppen.no\">toni@nirogruppen.no<\/a><\/p><p><span><\/span> <i class=\"awsm-icon-phone\" aria-hidden=\"true\"> <\/i> <a href=\"tel:+47 975 08 982\">+47 975 08 982<\/a><\/p><\/div>                \n                     \n\t\t\t\t\t\t\t\t\t\t\t\t\t\t\n                                \n                                \n                             <\/div>\n                             \t\t\t\t\t <\/figcaption>\n\t\t\t\t   <\/figure>\n                   \n\t\t\t\t<\/div>\n\t\t\t            \n\t\t\t\t<div id=\"awsm-member-1122-1135\" class=\"awsm-grid-card awsm-team-item awsm-scale-anm awsm-all awsm-12\"                     >\n                   \t\t\t\t   <figure>\n                       \n\t\t\t\t\t <img loading=\"lazy\" decoding=\"async\" width=\"600\" height=\"700\" src=\"https:\/\/nirogruppen.no\/cms\/wp-content\/uploads\/2025\/04\/bard_nirogruppen.jpg\" class=\"attachment-awsm_team size-awsm_team wp-post-image\" alt=\"\" \/>\t\t\t\t\t\t <figcaption>\n\t\t\t\t\t\t\t<div class=\"awsm-personal-info\"><h3>B\u00e5rd Solbakk<\/h3><span>Daglig leder - NWAAS<\/span><\/div>\n\t\t\t\t\t\t\t<div class=\"awsm-contact-info\">\n              \n                \n                <div class=\"awsm-contact-details\"><p><span><\/span> <i class=\"awsm-icon-mail\" aria-hidden=\"true\"> <\/i>  <a href=\"mailto:bs@nirogruppen.no\">bs@nirogruppen.no<\/a><\/p><p><span><\/span> <i class=\"awsm-icon-phone\" aria-hidden=\"true\"> <\/i> <a href=\"tel:+4795299866\">+4795299866<\/a><\/p><\/div>                \n                     \n\t\t\t\t\t\t\t\t\t\t\t\t\t\t\n                                \n                                \n                             <\/div>\n                             \t\t\t\t\t <\/figcaption>\n\t\t\t\t   <\/figure>\n                   \n\t\t\t\t<\/div>\n\t\t\t            \n\t\t\t\t<div id=\"awsm-member-1122-1134\" class=\"awsm-grid-card awsm-team-item awsm-scale-anm awsm-all awsm-11\"                     >\n                   \t\t\t\t   <figure>\n                       \n\t\t\t\t\t <img loading=\"lazy\" decoding=\"async\" width=\"600\" height=\"700\" src=\"https:\/\/nirogruppen.no\/cms\/wp-content\/uploads\/2025\/04\/helene_nirogruppen.jpg\" class=\"attachment-awsm_team size-awsm_team wp-post-image\" alt=\"\" \/>\t\t\t\t\t\t <figcaption>\n\t\t\t\t\t\t\t<div class=\"awsm-personal-info\"><h3>Helene Borge<\/h3><span>HR\/Administrason<\/span><\/div>\n\t\t\t\t\t\t\t<div class=\"awsm-contact-info\">\n              \n                \n                <div class=\"awsm-contact-details\"><p><span><\/span> <i class=\"awsm-icon-mail\" aria-hidden=\"true\"> <\/i>  <a href=\"mailto:helene@nirogruppen.no\">helene@nirogruppen.no<\/a><\/p><\/div>                \n                     \n\t\t\t\t\t\t\t\t\t\t\t\t\t\t\n                                \n                                \n                             <\/div>\n                             \t\t\t\t\t <\/figcaption>\n\t\t\t\t   <\/figure>\n                   \n\t\t\t\t<\/div>\n\t\t\t\t\t<\/div>\n\t<\/div>\n\n\r\n\t\t<\/div>\r\n\t<\/div><\/div><\/div><\/div><\/div><\/div>\n","protected":false},"excerpt":{"rendered":"","protected":false},"author":4,"featured_media":997,"parent":0,"menu_order":0,"comment_status":"closed","ping_status":"closed","template":"","meta":{"inline_featured_image":false,"footnotes":""},"class_list":["post-1416","page","type-page","status-publish","has-post-thumbnail","hentry","grve-entry-item"],"_links":{"self":[{"href":"https:\/\/nirogruppen.no\/en\/wp-json\/wp\/v2\/pages\/1416","targetHints":{"allow":["GET"]}}],"collection":[{"href":"https:\/\/nirogruppen.no\/en\/wp-json\/wp\/v2\/pages"}],"about":[{"href":"https:\/\/nirogruppen.no\/en\/wp-json\/wp\/v2\/types\/page"}],"author":[{"embeddable":true,"href":"https:\/\/nirogruppen.no\/en\/wp-json\/wp\/v2\/users\/4"}],"replies":[{"embeddable":true,"href":"https:\/\/nirogruppen.no\/en\/wp-json\/wp\/v2\/comments?post=1416"}],"version-history":[{"count":11,"href":"https:\/\/nirogruppen.no\/en\/wp-json\/wp\/v2\/pages\/1416\/revisions"}],"predecessor-version":[{"id":1892,"href":"https:\/\/nirogruppen.no\/en\/wp-json\/wp\/v2\/pages\/1416\/revisions\/1892"}],"wp:featuredmedia":[{"embeddable":true,"href":"https:\/\/nirogruppen.no\/en\/wp-json\/wp\/v2\/media\/997"}],"wp:attachment":[{"href":"https:\/\/nirogruppen.no\/en\/wp-json\/wp\/v2\/media?parent=1416"}],"curies":[{"name":"wp","href":"https:\/\/api.w.org\/{rel}","templated":true}]}}