{"id":1103,"date":"2025-02-11T13:24:57","date_gmt":"2025-02-11T13:24:57","guid":{"rendered":"https:\/\/nirogruppen.creato.no\/cms\/?page_id=1103"},"modified":"2025-03-19T12:25:13","modified_gmt":"2025-03-19T11:25:13","slug":"eiendom","status":"publish","type":"page","link":"https:\/\/nirogruppen.no\/en\/eiendom\/","title":{"rendered":"Property service"},"content":{"rendered":"<div class=\"grve-section grve-row-section grve-fullwidth-background grve-padding-top-4x grve-padding-bottom-4x grve-with-bg-transparent\" data-header-color=\"default\"><div class=\"grve-container\"><div class=\"grve-row grve-bookmark grve-columns-gap-default grve-mobile-vertical-gap-30\"><div class=\"grve-column wpb_column grve-bookmark grve-column-1  grve-vertical-position-middle grve-with-bg-transparent\"><div class=\"grve-column-wrapper\"><div class=\"grve-column-content\" ><h2 class=\"grve-element grve-title grve-align-inherit grve-h6\"><span><br>\n<h5>Property<\/h5>\n<\/span><\/h2><h1 class=\"grve-element grve-title grve-align-inherit grve-h2\"><span>Sustainable and profitable operation of commercial property and housing cooperatives<\/span><\/h1><div class=\"grve-empty-space grve-height-2x\"><\/div><div class=\"grve-inner-section grve-with-bg-transparent\"><div class=\"grve-row-inner grve-bookmark grve-columns-gap-default grve-mobile-vertical-gap-30\"><div class=\"grve-column-inner wpb_column grve-column-1-2  grve-with-bg-transparent\"><div class=\"grve-column-wrapper-inner\"><div class=\"grve-column-inner-content\" ><div class=\"grve-element grve-text grve-leader-text\">\r\n\t\t\t<p><a href=\"https:\/\/nirogruppen.no\/en\/\">NIRO Groups<\/a> its property department consists of professionals with expertise in the operation and technical management of <span style=\"color: #333333;\"><a style=\"color: #333333;\" href=\"https:\/\/en.wikipedia.org\/wiki\/Property\" target=\"_blank\" rel=\"noopener\">commercial property<\/a><\/span>, condominiums and housing cooperatives.<\/p>\n<p>Expertise combined with several years of experience from the major housing associations makes us an independent and sought-after supplier and advisor to housing cooperatives and condominiums.<\/p>\n\r\n\t\t<\/div>\r\n\t<\/div><\/div><\/div><div class=\"grve-column-inner wpb_column grve-column-1-2  grve-with-bg-transparent\"><div class=\"grve-column-wrapper-inner\"><div class=\"grve-column-inner-content\" ><div class=\"grve-element grve-box-icon grve-medium grve-side-icon grve-align-left grve-vertical-align-middle grve-layout-1\" style=\"margin-bottom: 30px;\"><div class=\"grve-box-title-wrapper\"><div class=\"grve-wrapper-icon\" style=\"\"><span class=\"grve-box-icon fas fa-check-circle grve-text-primary-1\"><\/span><\/div><h3 class=\"grve-box-title grve-h4\">Independent supplier<\/h3><\/div><div class=\"grve-box-content\"><p class=\"\">Independent and sought-after supplier and advisor to housing cooperatives and condominiums<\/p><\/div><\/div><div class=\"grve-element grve-box-icon grve-medium grve-side-icon grve-align-left grve-vertical-align-middle grve-layout-1\" style=\"margin-bottom: 30px;\"><div class=\"grve-box-title-wrapper\"><div class=\"grve-wrapper-icon\" style=\"\"><span class=\"grve-box-icon fas fa-check-circle grve-text-primary-1\"><\/span><\/div><h3 class=\"grve-box-title grve-h4\">Counsellor<\/h3><\/div><div class=\"grve-box-content\"><p class=\"\">We are both an advisor and an operational\/executing organisation.<\/p><\/div><\/div><div class=\"grve-element grve-box-icon grve-medium grve-side-icon grve-align-left grve-vertical-align-middle grve-layout-1\" style=\"margin-bottom: 30px;\"><div class=\"grve-box-title-wrapper\"><div class=\"grve-wrapper-icon\" style=\"\"><span class=\"grve-box-icon fas fa-check-circle grve-text-primary-1\"><\/span><\/div><h3 class=\"grve-box-title grve-h4\">Single services<\/h3><\/div><div class=\"grve-box-content\"><p class=\"\">We provide everything from individual services on a project basis to long-term, profitable operating agreements for commercial properties and housing cooperatives.<\/p><\/div><\/div><\/div><\/div><\/div><\/div><\/div><\/div><\/div><\/div><\/div><\/div><\/div><div class=\"grve-section grve-row-section grve-fullwidth-background grve-padding-top-1x grve-padding-bottom-5x grve-with-bg-transparent\" data-header-color=\"default\"><div class=\"grve-container\"><div class=\"grve-row grve-bookmark grve-columns-gap-default grve-mobile-vertical-gap-30\"><div class=\"grve-column wpb_column grve-bookmark grve-column-1  grve-vertical-position-middle grve-with-bg-transparent\"><div class=\"grve-column-wrapper\"><div class=\"grve-column-content\" ><div data-display-style=\"pagination\" data-spinner=\"no\" data-columns-large-screen=\"3\" data-columns=\"3\" data-columns-tablet-landscape=\"2\" data-columns-tablet-portrait=\"2\" data-columns-mobile=\"1\" data-layout=\"fitRows\" data-gutter-size=\"30\" data-animation=\"fade-in-down\" data-items-height=\"equal\" class=\"grve-element grve-portfolio grve-isotope grve-with-gap\" id=\"el-1738077343306-b72d92a4-6c2d\">\r\n\t<div class=\"grve-isotope-container\">\r\n\t\t<div class=\"grve-grid-sizer\"><\/div>\r\n\t\r\n\t\t<div class=\"post-1213 portfolio type-portfolio status-publish has-post-thumbnail hentry portfolio_category-eiendom grve-entry-item\">\r\n\t\t\t<div class=\"grve-isotope-item-inner\">\r\n\t\t\t\t<div class=\"grve-hover-item grve-hover-style-1\">\r\n\t<div data-indicator=\"plus\" data-indicator-color=\"primary-1\" class=\"grve-image-hover grve-media grve-shadow-small\">\r\n\t\t\t\t<a class=\"grve-item-url\" href=\"https:\/\/nirogruppen.no\/en\/tjenester\/fasadeavtale\/\"><span class=\"screen-reader-text\">Facade agreement<\/span><\/a>\r\n\t\t\t\t<div class=\"grve-thumbnail-wrapper\"><div class=\"grve-thumbnail\"  style=\"padding-top: 75%;\"><img decoding=\"async\" width=\"560\" height=\"420\" src=\"https:\/\/nirogruppen.no\/cms\/wp-content\/uploads\/2025\/02\/FASADEAVTALE-siste-versjon-560x420.jpg\" class=\"attachment-impeka-grve-small-rect-horizontal size-impeka-grve-small-rect-horizontal\" alt=\"FASADEAVTALE siste versjon, Fasadeavtale\" data-column-space=\"100\" data-lazyload=\"\" data-grve-filter=\"yes\" loading=\"lazy\" \/><\/div><\/div>\t\t\t\t<div class=\"grve-bg-black grve-hover-overlay grve-opacity-10\"><\/div>\r\n\t\t\t<\/div>\r\n\t\t<div class=\"grve-content\">\r\n\t\t<div class=\"grve-content-inner\">\r\n\t\t\t\t\t<h3 class=\"grve-title grve-h4 grve-text-default\"><span>Facade agreement<\/span><\/h3>\r\n\t\t\t\t\t\t\t<div class=\"grve-description grve-text-default\">Book a no-obligation review and receive quotes with exact contract price, discount and savings.<\/div>\r\n\t\t\t\t\t<\/div>\r\n\t<\/div>\r\n\t<\/div>\r\n\t\t\t<\/div>\r\n\t\t<\/div>\r\n\t\r\n\t\t<div class=\"post-1112 portfolio type-portfolio status-publish has-post-thumbnail hentry portfolio_category-eiendom grve-entry-item\">\r\n\t\t\t<div class=\"grve-isotope-item-inner\">\r\n\t\t\t\t<div class=\"grve-hover-item grve-hover-style-1\">\r\n\t<div data-indicator=\"plus\" data-indicator-color=\"primary-1\" class=\"grve-image-hover grve-media grve-shadow-small\">\r\n\t\t\t\t<a class=\"grve-item-url\" href=\"https:\/\/nirogruppen.no\/en\/tjenester\/borettslag-sameie\/\"><span class=\"screen-reader-text\">Housing associations and condominiums<\/span><\/a>\r\n\t\t\t\t<div class=\"grve-thumbnail-wrapper\"><div class=\"grve-thumbnail\"  style=\"padding-top: 75%;\"><img decoding=\"async\" width=\"560\" height=\"420\" src=\"https:\/\/nirogruppen.no\/cms\/wp-content\/uploads\/2025\/02\/IMG_5728-preview-1-scaled-1-560x420.jpg\" class=\"attachment-impeka-grve-small-rect-horizontal size-impeka-grve-small-rect-horizontal\" alt=\"Borettslag og\" data-column-space=\"100\" data-lazyload=\"\" data-grve-filter=\"yes\" srcset=\"https:\/\/nirogruppen.no\/cms\/wp-content\/uploads\/2025\/02\/IMG_5728-preview-1-scaled-1-560x420.jpg 560w, https:\/\/nirogruppen.no\/cms\/wp-content\/uploads\/2025\/02\/IMG_5728-preview-1-scaled-1-900x675.jpg 900w\" sizes=\"auto, (max-width: 560px) 100vw, 560px\" loading=\"lazy\" \/><\/div><\/div>\t\t\t\t<div class=\"grve-bg-black grve-hover-overlay grve-opacity-10\"><\/div>\r\n\t\t\t<\/div>\r\n\t\t<div class=\"grve-content\">\r\n\t\t<div class=\"grve-content-inner\">\r\n\t\t\t\t\t<h3 class=\"grve-title grve-h4 grve-text-default\"><span>Housing associations and condominiums<\/span><\/h3>\r\n\t\t\t\t\t\t\t<div class=\"grve-description grve-text-default\">Niro Gruppen delivers a range of services to small and large housing associations and condominiums within operations, maintenance and consultancy.<\/div>\r\n\t\t\t\t\t<\/div>\r\n\t<\/div>\r\n\t<\/div>\r\n\t\t\t<\/div>\r\n\t\t<\/div>\r\n\t\r\n\t\t<div class=\"post-1111 portfolio type-portfolio status-publish has-post-thumbnail hentry portfolio_category-eiendom grve-entry-item\">\r\n\t\t\t<div class=\"grve-isotope-item-inner\">\r\n\t\t\t\t<div class=\"grve-hover-item grve-hover-style-1\">\r\n\t<div data-indicator=\"plus\" data-indicator-color=\"primary-1\" class=\"grve-image-hover grve-media grve-shadow-small\">\r\n\t\t\t\t<a class=\"grve-item-url\" href=\"https:\/\/nirogruppen.no\/en\/tjenester\/naeringseiendom\/\"><span class=\"screen-reader-text\">Commercial property<\/span><\/a>\r\n\t\t\t\t<div class=\"grve-thumbnail-wrapper\"><div class=\"grve-thumbnail\"  style=\"padding-top: 75%;\"><img decoding=\"async\" width=\"560\" height=\"420\" src=\"https:\/\/nirogruppen.no\/cms\/wp-content\/uploads\/2025\/02\/cropped-Brygge-scaled-1-560x420.jpg\" class=\"attachment-impeka-grve-small-rect-horizontal size-impeka-grve-small-rect-horizontal\" alt=\"N\u00e6ringseiendom\" data-column-space=\"100\" data-lazyload=\"\" data-grve-filter=\"yes\" srcset=\"https:\/\/nirogruppen.no\/cms\/wp-content\/uploads\/2025\/02\/cropped-Brygge-scaled-1-560x420.jpg 560w, https:\/\/nirogruppen.no\/cms\/wp-content\/uploads\/2025\/02\/cropped-Brygge-scaled-1-900x675.jpg 900w\" sizes=\"auto, (max-width: 560px) 100vw, 560px\" loading=\"lazy\" \/><\/div><\/div>\t\t\t\t<div class=\"grve-bg-black grve-hover-overlay grve-opacity-10\"><\/div>\r\n\t\t\t<\/div>\r\n\t\t<div class=\"grve-content\">\r\n\t\t<div class=\"grve-content-inner\">\r\n\t\t\t\t\t<h3 class=\"grve-title grve-h4 grve-text-default\"><span>Commercial property<\/span><\/h3>\r\n\t\t\t\t\t\t\t<div class=\"grve-description grve-text-default\">An important part of our core business is the day-to-day operation, maintenance and technical management of commercial property.<\/div>\r\n\t\t\t\t\t<\/div>\r\n\t<\/div>\r\n\t<\/div>\r\n\t\t\t<\/div>\r\n\t\t<\/div>\r\n\t<\/div>\r\n<\/div>\r\n<\/div><\/div><\/div><\/div><\/div><\/div><div class=\"grve-section grve-row-section grve-fullwidth-background grve-percentage-height grve-padding-top-3x grve-padding-bottom-3x grve-with-bg-image grve-bg-fixed\" data-header-color=\"default\" data-height-ratio=\"50\"><div class=\"grve-container\"><div class=\"grve-row grve-bookmark grve-columns-gap-default grve-mobile-vertical-gap-30 grve-percentage-content\"><div class=\"grve-column wpb_column grve-bookmark grve-column-1  grve-with-bg-transparent grve-empty-column\"><div class=\"grve-column-wrapper\"><div class=\"grve-column-content\" ><\/div><\/div><\/div><\/div><\/div><div class=\"grve-background-wrapper\">  <div class=\"grve-bg-image grve-bg-image-id-1643 lazyload\"  data-bgset=\"https:\/\/nirogruppen.no\/cms\/wp-content\/uploads\/2025\/03\/fasade-sentrum-1.jpg 2560w, https:\/\/nirogruppen.no\/cms\/wp-content\/uploads\/2025\/03\/fasade-sentrum-1-300x200.jpg 300w, https:\/\/nirogruppen.no\/cms\/wp-content\/uploads\/2025\/03\/fasade-sentrum-1-1024x683.jpg 1024w, https:\/\/nirogruppen.no\/cms\/wp-content\/uploads\/2025\/03\/fasade-sentrum-1-768x512.jpg 768w, https:\/\/nirogruppen.no\/cms\/wp-content\/uploads\/2025\/03\/fasade-sentrum-1-1536x1024.jpg 1536w\" data-sizes=\"auto\"><\/div><\/div><\/div>","protected":false},"excerpt":{"rendered":"Vi har bred og sammensatt kompetanse innen daglig drift, vedlikehold og teknisk forvaltning av n\u00e6ringseiendom. I tillegg leverer vi et bredt spekter av tjenester knyttet til brannvern. Dette er et sv\u00e6rt viktig fagomr\u00e5de for oss i NIRO Gruppen. Som eier m\u00e5 du kunne dokumentere at rutiner og tekniske innretninger im\u00f8tekommer de strenge kravene i lov [...]","protected":false},"author":4,"featured_media":1237,"parent":0,"menu_order":0,"comment_status":"closed","ping_status":"closed","template":"","meta":{"inline_featured_image":false,"footnotes":""},"class_list":["post-1103","page","type-page","status-publish","has-post-thumbnail","hentry","grve-entry-item"],"_links":{"self":[{"href":"https:\/\/nirogruppen.no\/en\/wp-json\/wp\/v2\/pages\/1103","targetHints":{"allow":["GET"]}}],"collection":[{"href":"https:\/\/nirogruppen.no\/en\/wp-json\/wp\/v2\/pages"}],"about":[{"href":"https:\/\/nirogruppen.no\/en\/wp-json\/wp\/v2\/types\/page"}],"author":[{"embeddable":true,"href":"https:\/\/nirogruppen.no\/en\/wp-json\/wp\/v2\/users\/4"}],"replies":[{"embeddable":true,"href":"https:\/\/nirogruppen.no\/en\/wp-json\/wp\/v2\/comments?post=1103"}],"version-history":[{"count":5,"href":"https:\/\/nirogruppen.no\/en\/wp-json\/wp\/v2\/pages\/1103\/revisions"}],"predecessor-version":[{"id":1804,"href":"https:\/\/nirogruppen.no\/en\/wp-json\/wp\/v2\/pages\/1103\/revisions\/1804"}],"wp:featuredmedia":[{"embeddable":true,"href":"https:\/\/nirogruppen.no\/en\/wp-json\/wp\/v2\/media\/1237"}],"wp:attachment":[{"href":"https:\/\/nirogruppen.no\/en\/wp-json\/wp\/v2\/media?parent=1103"}],"curies":[{"name":"wp","href":"https:\/\/api.w.org\/{rel}","templated":true}]}}