{"id":1009,"date":"2025-01-28T09:59:45","date_gmt":"2025-01-28T08:59:45","guid":{"rendered":"https:\/\/nirogruppen.creato.no\/cms\/?page_id=1009"},"modified":"2026-03-17T15:59:01","modified_gmt":"2026-03-17T13:59:01","slug":"forside-2","status":"publish","type":"page","link":"https:\/\/nirogruppen.no\/en\/","title":{"rendered":"Niro Gruppen | Property, Waste and Cleaning on Ask\u00f8y"},"content":{"rendered":"<div class=\"grve-section grve-row-section grve-fullwidth-background grve-padding-top-4x grve-padding-bottom-1x grve-with-bg-transparent\" data-header-color=\"default\"><div class=\"grve-container\"><div class=\"grve-row grve-bookmark grve-columns-gap-default grve-mobile-vertical-gap-30\"><div class=\"grve-column wpb_column grve-bookmark grve-column-1  grve-with-bg-transparent\"><div class=\"grve-column-wrapper\"><div class=\"grve-column-content\" ><h1 data-animation=\"fade-in\" data-delay=\"0\" data-duration=\"normal\" class=\"grve-element grve-title grve-align-inherit grve-animated-item grve-h2\"><span><br>\n<h3>Niro Gruppen har h\u00f8y fokus p\u00e5 kompetanse med fagfolk og spesialister innen industrielt renhold og vedlikehold, og drift &amp; vedlikehold av alle typer eiendom.<\/h3>\n<\/span><\/h1><\/div><\/div><\/div><\/div><\/div><\/div><div class=\"grve-section grve-row-section grve-fullwidth-background grve-padding-top-3x grve-padding-bottom-6x grve-headings-primary-1 grve-with-bg-transparent\" data-header-color=\"default\"  style=\"color:#FFFFFF;\"><div class=\"grve-container\"><div class=\"grve-row grve-bookmark grve-columns-gap-default grve-mobile-vertical-gap-30\"><div class=\"grve-column wpb_column grve-bookmark grve-column-1-3  grve-headings-primary-1 grve-with-bg-transparent grve-animated-item grve-clipping-animation grve-colored-clipping\"  style=\"color:#FFFFFF;\" data-delay=\"200\" data-duration=\"fast\" data-animation=\"colored-clipping-left\"  data-clipping-color=\"black\"><div class=\"grve-column-wrapper\"><div class=\"grve-column-content\" ><div class=\"grve-element grve-fancy-box grve-align-center grve-bg-black boks1\"><div class=\"grve-fancy-box-inner\"><div class=\"grve-fancy-box-icon\"><span class=\"grve-icon entypo-icon entypo-icon-share grve-text-primary-1 grve-small\"><\/span><\/div><h3 class=\"grve-title grve-heading-color grve-h3\" style=\"\">INDUSTRI<\/h3><p class=\"grve-description\">Industri-tjenester med fokus p\u00e5 fagkunnskap og sikkerhet<\/p><div class=\"grve-link-text grve-fancy-box-read-more\">Les mer<\/div>  <\/div><a href=\"https:\/\/nirogruppen.no\/industri\/\" title=\"Industri\" class=\"grve-item-url \"><\/a><div class=\"grve-fancy-box-bg grve-bg-primary-1\"><\/div><\/div><\/div><\/div><\/div><div class=\"grve-column wpb_column grve-bookmark grve-column-1-3  grve-with-bg-transparent grve-animated-item grve-clipping-animation grve-colored-clipping\" data-delay=\"300\" data-duration=\"fast\" data-animation=\"colored-clipping-left\"  data-clipping-color=\"black\"><div class=\"grve-column-wrapper\"><div class=\"grve-column-content\" ><div class=\"grve-element grve-fancy-box grve-align-center grve-bg-dark-grey boks2\"><div class=\"grve-fancy-box-inner\"><div class=\"grve-fancy-box-icon\"><span class=\"grve-icon entypo-icon entypo-icon-share grve-text-primary-1 grve-small\"><\/span><\/div><h3 class=\"grve-title grve-heading-color grve-h3\" style=\"\">EIENDOMSSERVICE<\/h3><p class=\"grve-description\">B\u00e6rekraftig og l\u00f8nnsom drift av n\u00e6ringseiendom og borettslag.<\/p><div class=\"grve-link-text grve-fancy-box-read-more\">Les mer<\/div>  <\/div><a href=\"https:\/\/nirogruppen.no\/eiendom\/\" title=\"Eiendomsservice\" class=\"grve-item-url \"><\/a><div class=\"grve-fancy-box-bg grve-bg-primary-1\"><\/div><\/div><\/div><\/div><\/div><div class=\"grve-column wpb_column grve-bookmark grve-column-1-3  grve-with-bg-transparent grve-animated-item grve-clipping-animation grve-colored-clipping\"  style=\"color:#000000;\" data-delay=\"400\" data-duration=\"fast\" data-animation=\"colored-clipping-left\"  data-clipping-color=\"black\"><div class=\"grve-column-wrapper\"><div class=\"grve-column-content\" ><div class=\"grve-element grve-fancy-box grve-align-center grve-bg-light-grey boks3\"><div class=\"grve-fancy-box-inner\"><div class=\"grve-fancy-box-icon\"><span class=\"grve-icon entypo-icon entypo-icon-share grve-text-primary-1 grve-small\"><\/span><\/div><h3 class=\"grve-title grve-heading-color grve-h3\" style=\"\">AVFALL<\/h3><p class=\"grve-description\">Skreddersydde l\u00f8sninger for alle typer avfallsbehov langs hele kysten av Norge.<\/p><div class=\"grve-link-text grve-fancy-box-read-more\">Les mer<\/div>  <\/div><a href=\"https:\/\/nirogruppen.no\/avfalls-handtering\/\" title=\"Avfall\" class=\"grve-item-url \"><\/a><div class=\"grve-fancy-box-bg grve-bg-primary-1\"><\/div><\/div><\/div><\/div><\/div><\/div><\/div><\/div><div class=\"grve-section grve-row-section grve-fullwidth-background grve-padding-top-3x grve-padding-bottom-3x grve-with-bg-color\" id=\"aktuelt\" data-header-color=\"default\"  style=\"background-color:#EEEEEE;\"><div class=\"grve-container\"><div class=\"grve-row grve-bookmark grve-columns-gap-default grve-mobile-vertical-gap-30\"><div class=\"grve-column wpb_column grve-bookmark grve-column-1  grve-with-bg-transparent\"><div class=\"grve-column-wrapper\"><div class=\"grve-column-content\" ><div class=\"grve-element grve-box-icon grve-medium grve-side-icon grve-align-left grve-vertical-align-middle grve-layout-1\" style=\"margin-bottom: 30px;\"><div class=\"grve-box-title-wrapper\"><div class=\"grve-wrapper-icon\" style=\"\"><span class=\"grve-box-icon fa fa-brands fa-linkedin grve-text-primary-1\"><\/span><\/div><h3 class=\"grve-box-title grve-h3\">Aktuelt<\/h3><\/div><\/div>\n\t<div class=\"wpb_raw_code wpb_raw_html wpb_content_element\" >\n\t\t<div class=\"wpb_wrapper\">\n\t\t\t<!-- Elfsight LinkedIn Feed | Niro Gruppen -->\n<script src=\"https:\/\/elfsightcdn.com\/platform.js\" async><\/script>\n<div class=\"elfsight-app-f811db7d-b547-43a0-a94f-00df407ecbfc\" data-elfsight-app-lazy><\/div>\n\t\t<\/div>\n\t<\/div>\n<\/div><\/div><\/div><\/div><\/div><\/div><div class=\"grve-section grve-row-section grve-fullwidth-background grve-padding-top-3x grve-padding-bottom-3x grve-headings-white grve-with-bg-color\" data-header-color=\"default\"  style=\"background-color:#ED6C02;color:#FFFFFF;\"><div class=\"grve-container\"><div class=\"grve-row grve-bookmark grve-columns-gap-default grve-mobile-vertical-gap-30\"><div class=\"grve-column wpb_column grve-bookmark grve-column-1  grve-horizontal-position-center grve-vertical-position-middle grve-with-bg-transparent grve-custom-width-70 grve-mobile-custom-width-100 grve-align-center\"><div class=\"grve-column-wrapper\"><div class=\"grve-column-content\" ><h2 data-animation=\"fade-in\" data-delay=\"0\" data-duration=\"normal\" class=\"grve-element grve-title grve-align-inherit grve-animated-item grve-h2\"><span>Med hovedkontor p\u00e5 Ask\u00f8y utenfor Bergen leverer Niro Gruppen tjenester innen Industri og Eiendom over hele landet.<\/span><\/h2><\/div><\/div><\/div><\/div><\/div><\/div><div class=\"grve-section grve-row-section grve-fullwidth-background grve-percentage-height grve-padding-top-3x grve-padding-bottom-3x grve-headings-white grve-link-default grve-link-hover-white grve-with-bg-image grve-bg-fixed\" data-header-color=\"default\" data-height-ratio=\"50\"  style=\"color:#FFFFFF;\"><div class=\"grve-container\"><div class=\"grve-row grve-bookmark grve-columns-gap-default grve-mobile-vertical-gap-30 grve-percentage-content\"><div class=\"grve-column wpb_column grve-bookmark grve-column-1  grve-horizontal-position-center grve-vertical-position-middle grve-with-bg-transparent grve-custom-width-80 grve-mobile-custom-width-100 grve-align-center\"><div class=\"grve-column-wrapper\"><div class=\"grve-column-content\" ><div data-animation=\"fade-in\" data-delay=\"400\" data-duration=\"normal\" class=\"grve-element grve-single-icon grve-align-inherit grve-extra-large grve-animated-item\" style=\"margin-bottom: 30px;\"><div class=\"grve-wrapper-icon grve-text-white\"><span class=\"grve-icon fas fa-quote-right\"><\/span><\/div><\/div><h3 data-animation=\"fade-in\" data-delay=\"600\" data-duration=\"normal\" class=\"grve-element grve-title grve-align-inherit grve-animated-item grve-h2 grve-custom-font-1\"><span>Uansett hvilket av selskapene i Niro Gruppen du kj\u00f8per tjenester fra, s\u00f8rger vi for at du kun har<a href=\"https:\/\/nirogruppen.no\/kontakt\/\"><span style=\"color: #ed6c02;\"> \u00e9n kontakt<\/span><\/a> \u00e5 forholde deg til.<\/span><\/h3><\/div><\/div><\/div><\/div><\/div><div class=\"grve-background-wrapper\">  <div class=\"grve-bg-image grve-bg-image-id-963 lazyload\"  data-bgset=\"https:\/\/nirogruppen.no\/cms\/wp-content\/uploads\/2025\/01\/web-12.jpg 2560w, https:\/\/nirogruppen.no\/cms\/wp-content\/uploads\/2025\/01\/web-12-300x169.jpg 300w, https:\/\/nirogruppen.no\/cms\/wp-content\/uploads\/2025\/01\/web-12-1024x576.jpg 1024w, https:\/\/nirogruppen.no\/cms\/wp-content\/uploads\/2025\/01\/web-12-768x432.jpg 768w, https:\/\/nirogruppen.no\/cms\/wp-content\/uploads\/2025\/01\/web-12-1536x864.jpg 1536w, https:\/\/nirogruppen.no\/cms\/wp-content\/uploads\/2025\/01\/web-12-1390x782.jpg 1390w\" data-sizes=\"auto\"><\/div>  <div class=\"grve-bg-overlay grve-bg-black grve-opacity-60\"><\/div>  <div class=\"grve-pattern\"><\/div><\/div><\/div><div class=\"grve-section grve-row-section grve-fullwidth-background grve-padding-top-3x grve-padding-bottom-3x grve-with-bg-transparent\" data-header-color=\"default\"><div class=\"grve-container\"><div class=\"grve-row grve-bookmark grve-columns-gap-default grve-mobile-vertical-gap-30\"><div class=\"grve-column wpb_column grve-bookmark grve-column-2-3  grve-tablet-column-7-12 grve-tablet-sm-column-2-3 grve-with-bg-transparent\"><div class=\"grve-column-wrapper\"><div class=\"grve-column-content\" ><h3 class=\"grve-element grve-title grve-align-inherit grve-h4\"><span>Vi har hovedkontor p\u00e5 <span style=\"color: #ed6c02;\">Ask\u00f8y<\/span> utenfor Bergen. Her finner du v\u00e5re kontaktpersoner for v\u00e5re fire avdelinger, konsern, eiendomsservice, industrivask og avfallsh\u00e5ndtering.<\/span><\/h3><div class=\"grve-empty-space grve-height-1x\"><\/div><div class=\"grve-element grve-button-group grve-align-inherit grve-space-30\" id=\"el-1738070836135-fa3e23e0-6f5f\">\r\n<div data-animation=\"fade-in-left\" data-delay=\"200\" data-duration=\"normal\" class=\"grve-element grve-align-inherit grve-animated-item\"><a href=\"https:\/\/nirogruppen.no\/kontakt\/#kontaktpersoner\" title=\"Kontakt\" class=\"grve-btn grve-round grve-bg-primary-1 grve-border-primary-1 grve-bg-hover-black grve-border-hover-black grve-pulse grve-text-white grve-text-hover-white grve-btn-medium\">\r\n\t\t<span>Kontaktpersoner<\/span>\r\n\t\t\t\t\t\t\t<\/a><\/div><div data-animation=\"fade-in-left\" data-delay=\"300\" data-duration=\"normal\" class=\"grve-element grve-align-inherit grve-animated-item\"><a href=\"https:\/\/nirogruppen.no\/kontakt\/#kart\" title=\"Kontakt\" class=\"grve-btn grve-btn-outline grve-round grve-border-black grve-bg-hover-primary-1 grve-pulse grve-border-hover-primary-1 grve-text-black grve-text-hover-white grve-btn-medium\">\r\n\t\t<span>Her finner du oss<\/span>\r\n\t\t\t\t\t\t\t<\/a><\/div><\/div>\r\n<\/div><\/div><\/div><div class=\"grve-column wpb_column grve-bookmark grve-column-1-3  grve-tablet-column-5-12 grve-tablet-sm-column-1-3 grve-vertical-position-bottom grve-with-bg-transparent grve-align-right grve-mobile-align-left\"><div class=\"grve-column-wrapper\"><div class=\"grve-column-content\" ><div class=\"grve-element grve-align-inherit\"><a href=\"https:\/\/nirogruppen.no\/kontakt\/#kontaktpersoner\" title=\"Kontakt\" class=\"grve-btn-text grve-btn-only-text grve-text-black grve-text-hover-black grve-btn-medium grve-with-svg-icon-arrow-2\">\r\n\t\t<div class=\"grve-btn-inner\">\r\n\t\t<span>Ansatte<\/span>\r\n\t\t\t\t\t\t\t<div class=\"grve-btn-svg-icon\">\r\n\t\t\t\t\t\t\t<svg width=\"40px\" height=\"16px\" viewBox=\"0 0 40 16\">\r\n\t\t\t\t\t<polygon class=\"grve-arrow-line\" points=\"0 7 38 7 38 9 0 9\"><\/polygon>\r\n\t\t\t\t\t<polygon class=\"grve-arrow-point\" points=\"31.3481912 0 40 8 31.3481912 16 30 14.5816219 37.1 8 30 1.41837809\"><\/polygon>\r\n\t\t\t\t<\/svg>\r\n\t\t\t\t\t\t\t\t<\/div>\r\n\t\t\t\t\t<\/div>\r\n\t<\/a><\/div><\/div><\/div><\/div><div class=\"grve-column wpb_column grve-bookmark grve-column-1  grve-with-bg-transparent\"><div class=\"grve-column-wrapper\"><div class=\"grve-column-content\" ><div class=\"grve-empty-space grve-height-2x\"><\/div><div class=\"grve-element grve-text\">\r\n\t\t\t\n<style type=\"text\/css\">\n  \n  \n  .grid-style.style-4 figcaption a:hover {\n    color:#ed6c02;\n  }\n  \n  [class*=\" awsm-icon-\"],[class^=awsm-icon-] { \n    color:#ed6c02;\n  }\n  \n  .awsm-grid-wrapper .awsm-grid h3 {\n    margin: 0 0 3px;\n    font-size: 1.6em;\n    line-height: 1.5;\n    color: #fff;\n}\n  \n  .grid-style.style-4 figcaption p {\n    font-size: 16px;\n}\n  \n.grid-style.style-4 figcaption {\n    bottom:0 ;\n    left: 0;\n    right: 0;\n    position: absolute;\n    padding: 20px 20px 0px 20px; \n    background: -webkit-linear-gradient(top,rgba(0,0,0,0) 0,rgba(0,0,0,.8) 100%);\n    background: -webkit-gradient(linear,left top,left bottom,from(rgba(0,0,0,0)),to(rgba(0,0,0,.8)));\n    \/* background: -moz- oldlinear-gradient(top,rgba(0,0,0,0) 0,rgba(0,0,0,.8) 100%);\n    background: linear-gradient(to bottom,rgba(0,0,0,) 0,rgba(0,0,1) 100%);\n  *\/\n  \n  background: rgb(2,0,36);\nbackground: linear-gradient(0deg, rgba(2,0,36,1) 0%, rgba(0,0,0,1) 30%, rgba(255,255,255,0) 100%);\n  \n  filter: progid:DXImageTransform.Microsoft.gradient(startColorstr='#00000000', endColorstr='#99000000', GradientType=0)\n      \n      \n}\n  \n<\/style>\n\n\n<div id=\"awsm-team-1410\" class=\"awsm-grid-wrapper\">\n\t\t\n\t\t\t<div class=\"awsm-grid grid-style style-4 grid-3-col \">\n           \n\t\t            \n\t\t\t\t<div id=\"awsm-member-1410-1121\" class=\"awsm-grid-card awsm-team-item awsm-scale-anm awsm-all awsm-9\"                     >\n                   \t\t\t\t   <figure>\n                       \n\t\t\t\t\t <img loading=\"lazy\" decoding=\"async\" width=\"600\" height=\"700\" src=\"https:\/\/nirogruppen.no\/cms\/wp-content\/uploads\/2025\/04\/espen_nirogruppen.jpg\" class=\"attachment-awsm_team size-awsm_team wp-post-image\" alt=\"\" \/>\t\t\t\t\t\t <figcaption>\n\t\t\t\t\t\t\t<div class=\"awsm-personal-info\"><h3>Espen Fjell<\/h3><span>Konsernsjef<\/span><\/div>\n\t\t\t\t\t\t\t<div class=\"awsm-contact-info\">\n              \n                \n                <div class=\"awsm-contact-details\"><p><span><\/span> <i class=\"awsm-icon-mail\" aria-hidden=\"true\"> <\/i>  <a href=\"mailto:espen@nirogruppen.no\">espen@nirogruppen.no<\/a><\/p><p><span><\/span> <i class=\"awsm-icon-phone\" aria-hidden=\"true\"> <\/i> <a href=\"tel:95296233\">95296233<\/a><\/p><\/div>                \n                     \n\t\t\t\t\t\t\t\t\t\t\t\t\t\t\n                                \n                                \n                             <\/div>\n                             \t\t\t\t\t <\/figcaption>\n\t\t\t\t   <\/figure>\n                   \n\t\t\t\t<\/div>\n\t\t\t            \n\t\t\t\t<div id=\"awsm-member-1410-1133\" class=\"awsm-grid-card awsm-team-item awsm-scale-anm awsm-all awsm-11\"                     >\n                   \t\t\t\t   <figure>\n                       \n\t\t\t\t\t <img loading=\"lazy\" decoding=\"async\" width=\"600\" height=\"700\" src=\"https:\/\/nirogruppen.no\/cms\/wp-content\/uploads\/2025\/04\/therese_nirogruppen.jpg\" class=\"attachment-awsm_team size-awsm_team wp-post-image\" alt=\"\" \/>\t\t\t\t\t\t <figcaption>\n\t\t\t\t\t\t\t<div class=\"awsm-personal-info\"><h3>Therese Gustafson<\/h3><span>Daglig leder - Niro Gruppen Industri<\/span><\/div>\n\t\t\t\t\t\t\t<div class=\"awsm-contact-info\">\n              \n                \n                <div class=\"awsm-contact-details\"><p><span><\/span> <i class=\"awsm-icon-mail\" aria-hidden=\"true\"> <\/i>  <a href=\"mailto:therese@nirogruppen.no\">therese@nirogruppen.no<\/a><\/p><p><span><\/span> <i class=\"awsm-icon-phone\" aria-hidden=\"true\"> <\/i> <a href=\"tel:400 17 713\">400 17 713<\/a><\/p><\/div>                \n                     \n\t\t\t\t\t\t\t\t\t\t\t\t\t\t\n                                \n                                \n                             <\/div>\n                             \t\t\t\t\t <\/figcaption>\n\t\t\t\t   <\/figure>\n                   \n\t\t\t\t<\/div>\n\t\t\t            \n\t\t\t\t<div id=\"awsm-member-1410-1131\" class=\"awsm-grid-card awsm-team-item awsm-scale-anm awsm-all awsm-10\"                     >\n                   \t\t\t\t   <figure>\n                       \n\t\t\t\t\t <img loading=\"lazy\" decoding=\"async\" width=\"600\" height=\"700\" src=\"https:\/\/nirogruppen.no\/cms\/wp-content\/uploads\/2025\/04\/andreas_nirogruppen-1.jpg\" class=\"attachment-awsm_team size-awsm_team wp-post-image\" alt=\"\" \/>\t\t\t\t\t\t <figcaption>\n\t\t\t\t\t\t\t<div class=\"awsm-personal-info\"><h3>Andreas Solbakken<\/h3><span>Daglig leder - Niro Gruppen Eiendomsservice<\/span><\/div>\n\t\t\t\t\t\t\t<div class=\"awsm-contact-info\">\n              \n                \n                <div class=\"awsm-contact-details\"><p><span><\/span> <i class=\"awsm-icon-mail\" aria-hidden=\"true\"> <\/i>  <a href=\"mailto:andreas@nirogruppen.no\">andreas@nirogruppen.no<\/a><\/p><p><span><\/span> <i class=\"awsm-icon-phone\" aria-hidden=\"true\"> <\/i> <a href=\"tel:970 32 414\">970 32 414<\/a><\/p><\/div>                \n                     \n\t\t\t\t\t\t\t\t\t\t\t\t\t\t\n                                \n                                \n                             <\/div>\n                             \t\t\t\t\t <\/figcaption>\n\t\t\t\t   <\/figure>\n                   \n\t\t\t\t<\/div>\n\t\t\t\t\t<\/div>\n\t<\/div>\n\n\r\n\t\t<\/div>\r\n\t<\/div><\/div><\/div><\/div><\/div><\/div><div class=\"grve-section grve-row-section grve-fullwidth-background grve-padding-top-2x grve-padding-bottom-2x grve-with-bg-color\" id=\"sertifikater\" data-header-color=\"default\"  style=\"background-color:#F1F2F2;\"><div class=\"grve-container\"><div class=\"grve-row grve-bookmark grve-columns-gap-default grve-mobile-vertical-gap-30\"><div class=\"grve-column wpb_column grve-bookmark grve-column-1  grve-horizontal-position-center grve-vertical-position-middle grve-with-bg-transparent grve-custom-width-80\"><div class=\"grve-column-wrapper\"><div class=\"grve-column-content\" ><div data-display-style=\"none\" data-spinner=\"no\" data-columns-large-screen=\"4\" data-columns=\"4\" data-columns-tablet-landscape=\"2\" data-columns-tablet-portrait=\"2\" data-columns-mobile=\"2\" data-layout=\"fitRows\" data-gutter-size=\"20\" data-animation=\"zoom-in\" data-items-height=\"equal\" class=\"grve-element grve-gallery grve-isotope grve-with-gap\">\r\n\t<div class=\"grve-isotope-container\">\r\n\t\t<div class=\"grve-grid-sizer\"><\/div>\r\n\t\t<div class=\"grve-entry-item grve-popup-item \">\r\n\t\t\t<div class=\"grve-isotope-item-inner\">\r\n\t\t\t\t<div class=\"grve-hover-item grve-hover-style-1\">\r\n\t<div data-indicator=\"arrow\" data-indicator-color=\"primary-1\" class=\"grve-image-hover grve-media grve-grayscale-image-hover\">\r\n\t\t\t\t<a class=\"grve-item-url\" href=\"https:\/\/utdanning.no\/bedrift\/922874654\/\" target=\"_blank\" rel=\"noopener noreferrer\"><span class=\"screen-reader-text\">More<\/span><\/a>\r\n\t\t\t\t<div class=\"grve-thumbnail-wrapper\"><div class=\"grve-thumbnail\"  style=\"padding-top: 71.429%;\"><img decoding=\"async\" width=\"560\" height=\"400\" src=\"https:\/\/nirogruppen.no\/cms\/wp-content\/uploads\/2025\/01\/logo_larling-560x400.png\" class=\"attachment-impeka-grve-small-square size-impeka-grve-small-square\" alt=\"logo larling\" data-column-space=\"100\" data-lazyload=\"\" data-grve-filter=\"yes\" loading=\"lazy\" \/><\/div><\/div>\t\t\t\t<div class=\"grve-bg-dominant grve-hover-overlay grve-opacity-0\"><\/div>\r\n\t\t\t<\/div>\r\n\t<\/div>\r\n\t\t\t<\/div>\r\n\t\t<\/div>\r\n\t\t<div class=\"grve-entry-item grve-popup-item \">\r\n\t\t\t<div class=\"grve-isotope-item-inner\">\r\n\t\t\t\t<div class=\"grve-hover-item grve-hover-style-1\">\r\n\t<div data-indicator=\"arrow\" data-indicator-color=\"primary-1\" class=\"grve-image-hover grve-media grve-grayscale-image-hover\">\r\n\t\t\t\t<a class=\"grve-item-url\" href=\"https:\/\/www.achilles.com\/no\/startbank\/\" target=\"_blank\" rel=\"noopener noreferrer\"><span class=\"screen-reader-text\">More<\/span><\/a>\r\n\t\t\t\t<div class=\"grve-thumbnail-wrapper\"><div class=\"grve-thumbnail\"  style=\"padding-top: 71.429%;\"><img decoding=\"async\" width=\"560\" height=\"400\" src=\"https:\/\/nirogruppen.no\/cms\/wp-content\/uploads\/2025\/01\/logo_startbank-560x400.png\" class=\"attachment-impeka-grve-small-square size-impeka-grve-small-square\" alt=\"logo startbank\" data-column-space=\"100\" data-lazyload=\"\" data-grve-filter=\"yes\" loading=\"lazy\" \/><\/div><\/div>\t\t\t\t<div class=\"grve-bg-dominant grve-hover-overlay grve-opacity-0\"><\/div>\r\n\t\t\t<\/div>\r\n\t<\/div>\r\n\t\t\t<\/div>\r\n\t\t<\/div>\r\n\t\t<div class=\"grve-entry-item grve-popup-item \">\r\n\t\t\t<div class=\"grve-isotope-item-inner\">\r\n\t\t\t\t<div class=\"grve-hover-item grve-hover-style-1\">\r\n\t<div data-indicator=\"arrow\" data-indicator-color=\"primary-1\" class=\"grve-image-hover grve-media grve-grayscale-image-hover\">\r\n\t\t\t\t<a class=\"grve-item-url\" href=\"https:\/\/nirogruppen.creato.no\/cms\/wp-content\/uploads\/2025\/04\/sertifikater_miljofyrtorn_nirogruppen.pdf\" target=\"_blank\" rel=\"noopener noreferrer\"><span class=\"screen-reader-text\">More<\/span><\/a>\r\n\t\t\t\t<div class=\"grve-thumbnail-wrapper\"><div class=\"grve-thumbnail\"  style=\"padding-top: 71.429%;\"><img decoding=\"async\" width=\"560\" height=\"400\" src=\"https:\/\/nirogruppen.no\/cms\/wp-content\/uploads\/2025\/01\/logo_miljofyrtarn-560x400.png\" class=\"attachment-impeka-grve-small-square size-impeka-grve-small-square\" alt=\"logo miljofyrtarn\" data-column-space=\"100\" data-lazyload=\"\" data-grve-filter=\"yes\" loading=\"lazy\" \/><\/div><\/div>\t\t\t\t<div class=\"grve-bg-dominant grve-hover-overlay grve-opacity-0\"><\/div>\r\n\t\t\t<\/div>\r\n\t<\/div>\r\n\t\t\t<\/div>\r\n\t\t<\/div>\r\n\t\t<div class=\"grve-entry-item grve-popup-item \">\r\n\t\t\t<div class=\"grve-isotope-item-inner\">\r\n\t\t\t\t<div class=\"grve-hover-item grve-hover-style-1\">\r\n\t<div data-indicator=\"arrow\" data-indicator-color=\"primary-1\" class=\"grve-image-hover grve-media grve-grayscale-image-hover\">\r\n\t\t\t\t<a class=\"grve-item-url\" href=\"https:\/\/nirogruppen.creato.no\/cms\/wp-content\/uploads\/2025\/04\/Cert_Global-Energy_Gold-Desktop.pdf\" target=\"_blank\" rel=\"noopener noreferrer\"><span class=\"screen-reader-text\">More<\/span><\/a>\r\n\t\t\t\t<div class=\"grve-thumbnail-wrapper\"><div class=\"grve-thumbnail\"  style=\"padding-top: 71.429%;\"><img decoding=\"async\" width=\"560\" height=\"400\" src=\"https:\/\/nirogruppen.no\/cms\/wp-content\/uploads\/2025\/01\/logo_achilles_transparent-560x400.png\" class=\"attachment-impeka-grve-small-square size-impeka-grve-small-square\" alt=\"logo achilles transparent\" data-column-space=\"100\" data-lazyload=\"\" data-grve-filter=\"yes\" loading=\"lazy\" \/><\/div><\/div>\t\t\t\t<div class=\"grve-bg-dominant grve-hover-overlay grve-opacity-0\"><\/div>\r\n\t\t\t<\/div>\r\n\t<\/div>\r\n\t\t\t<\/div>\r\n\t\t<\/div>\r\n\t<\/div>\r\n<\/div>\r\n<\/div><\/div><\/div><\/div><\/div><\/div>\n","protected":false},"excerpt":{"rendered":"<p>The Niro Group has a high focus on expertise with professionals and specialists in industrial cleaning and maintenance, and operation &amp; maintenance of all types of property.<\/p>","protected":false},"author":4,"featured_media":997,"parent":0,"menu_order":0,"comment_status":"closed","ping_status":"closed","template":"","meta":{"inline_featured_image":false,"footnotes":""},"class_list":["post-1009","page","type-page","status-publish","has-post-thumbnail","hentry","grve-entry-item"],"_links":{"self":[{"href":"https:\/\/nirogruppen.no\/en\/wp-json\/wp\/v2\/pages\/1009","targetHints":{"allow":["GET"]}}],"collection":[{"href":"https:\/\/nirogruppen.no\/en\/wp-json\/wp\/v2\/pages"}],"about":[{"href":"https:\/\/nirogruppen.no\/en\/wp-json\/wp\/v2\/types\/page"}],"author":[{"embeddable":true,"href":"https:\/\/nirogruppen.no\/en\/wp-json\/wp\/v2\/users\/4"}],"replies":[{"embeddable":true,"href":"https:\/\/nirogruppen.no\/en\/wp-json\/wp\/v2\/comments?post=1009"}],"version-history":[{"count":12,"href":"https:\/\/nirogruppen.no\/en\/wp-json\/wp\/v2\/pages\/1009\/revisions"}],"predecessor-version":[{"id":1903,"href":"https:\/\/nirogruppen.no\/en\/wp-json\/wp\/v2\/pages\/1009\/revisions\/1903"}],"wp:featuredmedia":[{"embeddable":true,"href":"https:\/\/nirogruppen.no\/en\/wp-json\/wp\/v2\/media\/997"}],"wp:attachment":[{"href":"https:\/\/nirogruppen.no\/en\/wp-json\/wp\/v2\/media?parent=1009"}],"curies":[{"name":"wp","href":"https:\/\/api.w.org\/{rel}","templated":true}]}}